{"id":1559,"date":"2015-01-16T15:52:45","date_gmt":"2015-01-16T15:52:45","guid":{"rendered":"https:\/\/pesolex.com\/es\/?page_id=1559"},"modified":"2024-10-01T02:43:24","modified_gmt":"2024-10-01T02:43:24","slug":"el-sol-el-sincronizador-magnetico-y-la-llamada","status":"publish","type":"page","link":"https:\/\/pesolex.com\/es\/el-sol-el-sincronizador-magnetico-y-la-llamada\/","title":{"rendered":"El Sol: el Sincronizador Magn\u00e9tico y la \u00abLlamada\u00bb"},"content":{"rendered":"<p style=\"color: #4646d6;\"><!-- Simple Share Buttons Adder (8.5.4) simplesharebuttons.com --><div class=\"ssba-classic-2 ssba ssbp-wrap alignleft ssbp--theme-1\"><div style=\"text-align:left\"><span class=\"ssba-share-text\">Share this...<\/span><br\/><a data-site=\"facebook\" class=\"ssba_facebook_share ssba_share_link\" href=\"https:\/\/www.facebook.com\/sharer.php?t=El Sol: el Sincronizador Magn\u00e9tico y la \u00abLlamada\u00bb&u=https:\/\/pesolex.com\/es\/wp-json\/wp\/v2\/pages\/1559\"  target=_blank  style=\"color:; background-color: ; height: 48px; width: 48px; \" ><img decoding=\"async\" src=\"https:\/\/pesolex.com\/es\/wp-content\/plugins\/simple-share-buttons-adder\/buttons\/somacro\/facebook.png\" style=\"width: 35px;\" title=\"facebook\" class=\"ssba ssba-img\" alt=\"Share on facebook\" \/><div title=\"Facebook\" class=\"ssbp-text\">Facebook<\/div><\/a><a data-site=\"pinterest\" class=\"ssba_pinterest_share ssba_share_link\" href=\"https:\/\/pinterest.com\/pin\/create\/button\/?description=El Sol: el Sincronizador Magn\u00e9tico y la \u00abLlamada\u00bb&media=&url=https:\/\/pesolex.com\/es\/wp-json\/wp\/v2\/pages\/1559\"  target=_blank  style=\"color:; background-color: ; height: 48px; width: 48px; \" ><img decoding=\"async\" src=\"https:\/\/pesolex.com\/es\/wp-content\/plugins\/simple-share-buttons-adder\/buttons\/somacro\/pinterest.png\" style=\"width: 35px;\" title=\"pinterest\" class=\"ssba ssba-img\" alt=\"Share on pinterest\" \/><div title=\"Pinterest\" class=\"ssbp-text\">Pinterest<\/div><\/a><a data-site=\"twitter\" class=\"ssba_twitter_share ssba_share_link\" href=\"https:\/\/twitter.com\/intent\/tweet?text=El Sol: el Sincronizador Magn\u00e9tico y la \u00abLlamada\u00bb&url=https:\/\/pesolex.com\/es\/wp-json\/wp\/v2\/pages\/1559&via=\"  target=_blank  style=\"color:; background-color: ; height: 48px; width: 48px; \" ><img decoding=\"async\" src=\"https:\/\/pesolex.com\/es\/wp-content\/plugins\/simple-share-buttons-adder\/buttons\/somacro\/twitter.png\" style=\"width: 35px;\" title=\"twitter\" class=\"ssba ssba-img\" alt=\"Share on twitter\" \/><div title=\"Twitter\" class=\"ssbp-text\">Twitter<\/div><\/a><a data-site=\"linkedin\" class=\"ssba_linkedin_share ssba_share_link\" href=\"https:\/\/www.linkedin.com\/shareArticle?title=El Sol: el Sincronizador Magn\u00e9tico y la \u00abLlamada\u00bb&url=https:\/\/pesolex.com\/es\/wp-json\/wp\/v2\/pages\/1559\"  target=_blank  style=\"color:; background-color: ; height: 48px; width: 48px; \" ><img decoding=\"async\" src=\"https:\/\/pesolex.com\/es\/wp-content\/plugins\/simple-share-buttons-adder\/buttons\/somacro\/linkedin.png\" style=\"width: 35px;\" title=\"linkedin\" class=\"ssba ssba-img\" alt=\"Share on linkedin\" \/><div title=\"Linkedin\" class=\"ssbp-text\">Linkedin<\/div><\/a><\/div><\/div><\/p>\n<h3><\/h3>\n<h3><\/h3>\n<h3><\/h3>\n<h3><\/h3>\n<h3><\/h3>\n<h3><span style=\"color: #000000;\"><b>EL SOL: EL SINCRONIZADOR MAGNETICO<\/b><\/span><span style=\"color: #000000;\"><br \/>\n<img loading=\"lazy\" decoding=\"async\" class=\"aligncenter size-full wp-image-6193\" src=\"https:\/\/pesolex.com\/es\/wp-content\/uploads\/2014\/02\/Carta-intestata-espa\u00f1ol.jpg\" alt=\"\" width=\"2432\" height=\"481\" srcset=\"https:\/\/pesolex.com\/es\/wp-content\/uploads\/2014\/02\/Carta-intestata-espa\u00f1ol.jpg 2432w, https:\/\/pesolex.com\/es\/wp-content\/uploads\/2014\/02\/Carta-intestata-espa\u00f1ol-300x59.jpg 300w, https:\/\/pesolex.com\/es\/wp-content\/uploads\/2014\/02\/Carta-intestata-espa\u00f1ol-768x152.jpg 768w, https:\/\/pesolex.com\/es\/wp-content\/uploads\/2014\/02\/Carta-intestata-espa\u00f1ol-1024x203.jpg 1024w, https:\/\/pesolex.com\/es\/wp-content\/uploads\/2014\/02\/Carta-intestata-espa\u00f1ol-100x20.jpg 100w, https:\/\/pesolex.com\/es\/wp-content\/uploads\/2014\/02\/Carta-intestata-espa\u00f1ol-150x30.jpg 150w, https:\/\/pesolex.com\/es\/wp-content\/uploads\/2014\/02\/Carta-intestata-espa\u00f1ol-200x40.jpg 200w, https:\/\/pesolex.com\/es\/wp-content\/uploads\/2014\/02\/Carta-intestata-espa\u00f1ol-450x89.jpg 450w, https:\/\/pesolex.com\/es\/wp-content\/uploads\/2014\/02\/Carta-intestata-espa\u00f1ol-600x119.jpg 600w, https:\/\/pesolex.com\/es\/wp-content\/uploads\/2014\/02\/Carta-intestata-espa\u00f1ol-900x178.jpg 900w\" sizes=\"auto, (max-width: 2432px) 100vw, 2432px\" \/><\/span><\/h3>\n<div style=\"color: #4646d6;\"><\/div>\n<div style=\"color: #4646d6;\"><span style=\"color: #000000;\"><b>\u201cEL SOL NO ES UNA JOYA, SINO UN SIMBOLO SOLAR QUE OBLIGA A QUIEN LO LLEVA A SER SIEMPRE CONSCIENTE Y RESPONSABLE. SOLAMENTE QUIENES PONEN EN PACTICA LAS DIRECTRICES DE LOS ELOHIM Y DIVULGAN SUS ENSE\u00d1ANZAS ESTAN AUTORIZADOS A LLEVARLO\u201d<\/b><\/span><\/div>\n<div style=\"color: #4646d6;\"><\/div>\n<div style=\"color: #4646d6;\"><span style=\"color: #000000;\"><b>El rub\u00ec sint\u00e9tico de corind\u00f3n<\/b>\u00a0tiene las siguientes caracter\u00ecsticas geom\u00e9tricas : tallados especiales que forman un prisma triangular cuyo v\u00e9rtice apunta hacia arriba.<\/span><\/div>\n<div style=\"color: #4646d6;\"><span style=\"color: #000000;\">Las caracter\u00ecsticas f\u00ecsico-ps\u00ecquico-espirituales forman la base de nuestro mensaje y forman parte de la ciencia llamada solar y de la cual nuestros Hermanos del espacio (cuatridimensionales) reciben pleno conocimiento gracias a Seres Multidimensionales, habitantes en los Astros e infalibles int\u00e9rpretes de la Volontad de la\u00a0<b>INTELIGENCIA OMNICREANTE: LOS ELOHIM<\/b>.<\/span><\/div>\n<div style=\"color: #4646d6;\"><\/div>\n<div style=\"color: #4646d6;\"><span style=\"color: #000000;\">Se sabe que la energia creativa del Sol programa e instruye, en todo el Sistema Solar, una determinada gen\u00e9tica. En ella va marcado el programa de un estado evolutivo y, por consiguiente,\u00a0la manifestaci\u00f3n de la Idea Creativa en una dimensi\u00f3n concreta:\u00a0<b>\u201cANTES DE QUE TU FUESES,\u00a0<\/b><b>YO YA TE CONOCIA \u201c.<\/b>\u00a0A esta energ\u00eca creativa la llamaremos :<b>\u00a0\u201c ENERGIA ASTRAL\u00bb.<\/b><\/span><\/div>\n<div style=\"color: #4646d6;\"><\/div>\n<div style=\"color: #4646d6;\"><span style=\"color: #000000;\">Su valor se manifiesta en vibraciones (positivas o negativas, recordando que por negativo no se entiende algo demon\u00ecaco) seg\u00fan la evoluci\u00f3n del hombre. El\u00a0<b>rub\u00ec<\/b>\u00a0tiene la posibilidad de amplificar\u00a0las vibraciones de esta energ\u00eca creativa positivamente, pero tambi\u00e9n negativamente, en quien lo\u00a0lleva, influenciando incluso a quienes le rodean. Partiendo del presupuesto que<b>\u00a0el sincronizador<\/b>\u00a0desarrolla las vibraciones a trav\u00e9s de la recepci\u00f3n especial de im\u00e1genes-pensamientos, emanadas\u00a0de los Coordinadores de la Inteligencia Solar, el sujeto se realiza positivamente si pone en pr\u00e1ctica los valores de la\u00a0<b>Justicia, de la Paz y del Amor Universales<\/b>\u00a0y, por lo tanto, est\u00e1\u00a0en sinton\u00eca con el\u00a0programa, pero puede desarrollar negatividad si el sujeto si opone al programa recibido. Como ejemplo, citamos la par\u00e1bola de los talentos (Mateo 25,14).<\/span><\/div>\n<div style=\"color: #4646d6;\"><\/div>\n<div style=\"color: #4646d6;\"><span style=\"color: #000000;\"><b>EL SOL<\/b>\u00a0agrupa los tres aspectos manifestativos de tres vibraciones coordinantes y compenetrantes.<\/span><\/div>\n<div style=\"color: #4646d6;\"><span style=\"color: #000000;\">Su aspecto simb\u00f3lico representa la estirpe de\u00a0<b>Juan<\/b>, dado que\u00a0<b>el ap\u00f3stol Juan Evangelista<\/b>\u00a0es el terminal viviente y es el coordinador de la Inteligencia que desarrolla la operatividad\u00a0<b>de todos los\u00a0<\/b><b>Esp\u00ecritus Solares en sus m\u00faltiples dimensiones. El aspecto espiritual se focaliza en el \u201cS\u00ec\u201d, \u201cS\u00ec\u201d incondicional que une al sujeto<\/b>\u00a0con la estrecha directriz del Propulsor de esta fuente de energ\u00eca que\u00a0nos instruye sobre los planos del Camino, de la Verdad, de la Vida: de hecho. Sin el Sol nada podr\u00eca manifestarse. Por eso, el\u00a0<b>Genio c\u00f3smico<\/b>,\u00a0<b>JESU-CRISTO<\/b>, dijo :\u00a0<b>\u201c YO SOY LA LUZ DEL MUNDO\u00bb.<\/b><\/span><\/div>\n<div style=\"color: #4646d6;\"><\/div>\n<div style=\"color: #4646d6;\"><span style=\"color: #000000;\">He aqu\u00ec, la uni\u00f2n del sincronizador entre lo humano y lo divino.<\/span><\/div>\n<div style=\"color: #4646d6;\"><span style=\"color: #000000;\"><b>\u201cEN PRINCIPIO, ERA EL VERBO, Y EL VERBO ESTABA CON DIOS. EL ESTABA AL<\/b><\/span><\/div>\n<div style=\"color: #4646d6;\"><span style=\"color: #000000;\"><b>PRINCIPIO CON DIOS. TODO SE HIZO POR MEDIO DE EL, Y SIN EL, NADA DE CUANTO EXISTE HUBIESE SIDO HECHO. EN EL ESTABA LA VIDA, Y LA VIDA ERA LA LUZ DE LOS HOMBRES. Y LA LUZ RESPLENDECE ENTRE LAS TINIEBLAS,<\/b><\/span><\/div>\n<div style=\"color: #4646d6;\"><span style=\"color: #000000;\"><b>PERO LAS TINIEBLAS NO LA HAN ACEPTADO.<\/b><\/span><\/div>\n<div style=\"color: #4646d6;\"><span style=\"color: #000000;\"><b>HUBO UN HOMBRE MANDATO POR DIOS, CUYO NOMBRE ERA JUAN. EL VINO , COMO TESTIMONIO, PARA DAR TESTIMONIO DE LA LUZ, A FIN DE QUE TODOS<\/b><\/span><\/div>\n<div style=\"color: #4646d6;\"><span style=\"color: #000000;\"><b>CREYERAN POR MEDIACION SUYA \u201c( GV. CP. 1, 1-7).<\/b><\/span><\/div>\n<div style=\"color: #4646d6;\"><\/div>\n<div style=\"color: #4646d6;\"><span style=\"color: #000000;\"><b>Filippo Bongiovanni<\/b><\/span><\/div>\n<div style=\"color: #4646d6;\"><\/div>\n<div style=\"color: #4646d6;\"><span style=\"color: #000000;\"><b>\u00a0<\/b><\/span><\/div>\n<div style=\"color: #4646d6;\"><span style=\"color: #000000;\"><span style=\"color: #000000;\"><img loading=\"lazy\" decoding=\"async\" class=\"aligncenter size-full wp-image-6193\" src=\"https:\/\/pesolex.com\/es\/wp-content\/uploads\/2014\/02\/Carta-intestata-espa\u00f1ol.jpg\" alt=\"\" width=\"2432\" height=\"481\" srcset=\"https:\/\/pesolex.com\/es\/wp-content\/uploads\/2014\/02\/Carta-intestata-espa\u00f1ol.jpg 2432w, https:\/\/pesolex.com\/es\/wp-content\/uploads\/2014\/02\/Carta-intestata-espa\u00f1ol-300x59.jpg 300w, https:\/\/pesolex.com\/es\/wp-content\/uploads\/2014\/02\/Carta-intestata-espa\u00f1ol-768x152.jpg 768w, https:\/\/pesolex.com\/es\/wp-content\/uploads\/2014\/02\/Carta-intestata-espa\u00f1ol-1024x203.jpg 1024w, https:\/\/pesolex.com\/es\/wp-content\/uploads\/2014\/02\/Carta-intestata-espa\u00f1ol-100x20.jpg 100w, https:\/\/pesolex.com\/es\/wp-content\/uploads\/2014\/02\/Carta-intestata-espa\u00f1ol-150x30.jpg 150w, https:\/\/pesolex.com\/es\/wp-content\/uploads\/2014\/02\/Carta-intestata-espa\u00f1ol-200x40.jpg 200w, https:\/\/pesolex.com\/es\/wp-content\/uploads\/2014\/02\/Carta-intestata-espa\u00f1ol-450x89.jpg 450w, https:\/\/pesolex.com\/es\/wp-content\/uploads\/2014\/02\/Carta-intestata-espa\u00f1ol-600x119.jpg 600w, https:\/\/pesolex.com\/es\/wp-content\/uploads\/2014\/02\/Carta-intestata-espa\u00f1ol-900x178.jpg 900w\" sizes=\"auto, (max-width: 2432px) 100vw, 2432px\" \/><\/span><\/span><\/div>\n<div style=\"color: #4646d6;\"><\/div>\n<div style=\"color: #4646d6;\"><\/div>\n<div style=\"color: #4646d6;\"><\/div>\n<div style=\"color: #4646d6;\"><span style=\"color: #000000;\">Una aclaraci\u00f3n y explicaci\u00f3n de qu\u00e9 representa el \u00abSol\u00bb, que lamentablemente en algunos casos ha acabado por ser objeto de exaltaci\u00f3n y fanatismo, reporto a continuaci\u00f3n lo que me fue comunicado por parte de Eugenio, cuando lo recib\u00ed junto con otros.\u00bbUstedes han sido llamados por luz vivificante del Padre Glorioso y este \u00abSol\u00bb por ustedes deseado, representa su presencia en ustedes que han elegido de servirlo en la obra de redenci\u00f3n en el mundo. Esta \u00abllamada\u00bb pide a su conciencia de pertenecer al equilibrio arm\u00f3nico de toda la creaci\u00f3n, de vivir en perfecta sinton\u00eda con la madre tierra, con el pr\u00f3jimo y con ustedes mismos, reflejando as\u00ed la obra solar de Juan que afecta a este tiempo.<\/span><\/div>\n<div style=\"color: #4646d6;\">\n<div dir=\"ltr\"><\/div>\n<div dir=\"ltr\"><span style=\"color: #000000;\">Este \u00abSol\u00bb que hoy llevarla al cuello a la altura del Plexo solar, les recuerda instante por instante su pertenencia al programa solar, iniciado en este tiempo de Juan, el Consolador prometido. El rub\u00ed tiene la capacidad de amplificar la energ\u00eda del sol, f\u00edsica y ps\u00edquica, abriendo nuevos canales para el esp\u00edritu, aportando beneficios tambi\u00e9n en aquellos que les est\u00e1n cercanos, pero si la actuaci\u00f3n no est\u00e1 en sinton\u00eda con los deseos del Padre Creador, tambi\u00e9n las energ\u00edas negativas, surgidas de esta labor, se amplifican con todos los anexos y conexos.<\/span><\/div>\n<div dir=\"ltr\">\n<div dir=\"ltr\"><\/div>\n<div dir=\"ltr\"><span style=\"color: #000000;\">Llevar el sol no quiere decir ser alguien importante, sino todo lo contrario. Llevar el sol no significa tener el billete para el para\u00edso. Llevar el Sol significa tomar conciencia y sentirse parte activa y operativa en la obra de salvaci\u00f3n programada desde el cielo. El sol les recuerda que mediante ustedes un rayo suyo brilla en la oscuridad para ofrecer esperanza, fe, ejemplo y redenci\u00f3n.<\/span><\/div>\n<div dir=\"ltr\"><span style=\"color: #000000;\">Rogamos para que la luz de los soles no se apague nunca y se sume a la de otros muchos que en el universo infinito brillan, dando la esperanza para la vida en un mundo mejor. Tengan sabia y conciente responsabilidad, el sol es la luz del padre que mediante ustedes puede iluminar\u00bb.<\/span><\/div>\n<div dir=\"ltr\"><\/div>\n<div dir=\"ltr\" style=\"text-align: right;\"><span style=\"color: #000000;\">Enero 1997<\/span><\/div>\n<div dir=\"ltr\" style=\"text-align: right;\"><\/div>\n<div dir=\"ltr\" style=\"text-align: right;\"><\/div>\n<div dir=\"ltr\" style=\"text-align: right;\"><\/div>\n<div dir=\"ltr\"><span style=\"color: #000000;\"><a href=\"https:\/\/pesolex.com\/es\/wp-content\/uploads\/2014\/07\/sincronizador+halo+EXPRESADO+POR+RUB\u00cd.jpg\"><span style=\"color: #000000;\"><img loading=\"lazy\" decoding=\"async\" class=\"aligncenter size-full wp-image-430\" src=\"https:\/\/pesolex.com\/es\/wp-content\/uploads\/2014\/07\/sincronizador+halo+EXPRESADO+POR+RUB\u00cd.jpg\" alt=\"sincronizador+halo+EXPRESADO+POR+RUB\u00cd\" width=\"267\" height=\"256\" srcset=\"https:\/\/pesolex.com\/es\/wp-content\/uploads\/2014\/07\/sincronizador+halo+EXPRESADO+POR+RUB\u00cd.jpg 267w, https:\/\/pesolex.com\/es\/wp-content\/uploads\/2014\/07\/sincronizador+halo+EXPRESADO+POR+RUB\u00cd-100x95.jpg 100w, https:\/\/pesolex.com\/es\/wp-content\/uploads\/2014\/07\/sincronizador+halo+EXPRESADO+POR+RUB\u00cd-150x143.jpg 150w, https:\/\/pesolex.com\/es\/wp-content\/uploads\/2014\/07\/sincronizador+halo+EXPRESADO+POR+RUB\u00cd-200x191.jpg 200w\" sizes=\"auto, (max-width: 267px) 100vw, 267px\" \/><\/span><\/a><\/span><\/div>\n<div dir=\"ltr\"><\/div>\n<div dir=\"ltr\"><\/div>\n<div dir=\"ltr\"><\/div>\n<div dir=\"ltr\"><span style=\"color: #000000;\"><a href=\"https:\/\/pesolex.com\/es\/wp-content\/uploads\/2014\/07\/188785_114062898670795_114055408671544_106449_7427135_n.jpg\"><span style=\"color: #000000;\"><img loading=\"lazy\" decoding=\"async\" class=\"aligncenter size-large wp-image-431\" src=\"https:\/\/pesolex.com\/es\/wp-content\/uploads\/2014\/07\/188785_114062898670795_114055408671544_106449_7427135_n.jpg\" alt=\"188785_114062898670795_114055408671544_106449_7427135_n\" width=\"211\" height=\"320\" srcset=\"https:\/\/pesolex.com\/es\/wp-content\/uploads\/2014\/07\/188785_114062898670795_114055408671544_106449_7427135_n.jpg 211w, https:\/\/pesolex.com\/es\/wp-content\/uploads\/2014\/07\/188785_114062898670795_114055408671544_106449_7427135_n-197x300.jpg 197w, https:\/\/pesolex.com\/es\/wp-content\/uploads\/2014\/07\/188785_114062898670795_114055408671544_106449_7427135_n-100x151.jpg 100w, https:\/\/pesolex.com\/es\/wp-content\/uploads\/2014\/07\/188785_114062898670795_114055408671544_106449_7427135_n-150x227.jpg 150w, https:\/\/pesolex.com\/es\/wp-content\/uploads\/2014\/07\/188785_114062898670795_114055408671544_106449_7427135_n-200x303.jpg 200w\" sizes=\"auto, (max-width: 211px) 100vw, 211px\" \/><\/span><\/a><\/span><\/div>\n<div dir=\"ltr\"><\/div>\n<div dir=\"ltr\"><span style=\"color: #000000;\"><a href=\"https:\/\/pesolex.com\/es\/wp-content\/uploads\/2014\/07\/SOL-2.jpg\"><span style=\"color: #000000;\"><img loading=\"lazy\" decoding=\"async\" class=\"aligncenter size-large wp-image-432\" src=\"https:\/\/pesolex.com\/es\/wp-content\/uploads\/2014\/07\/SOL-2.jpg\" alt=\"SOL (2)\" width=\"300\" height=\"304\" srcset=\"https:\/\/pesolex.com\/es\/wp-content\/uploads\/2014\/07\/SOL-2.jpg 300w, https:\/\/pesolex.com\/es\/wp-content\/uploads\/2014\/07\/SOL-2-296x300.jpg 296w, https:\/\/pesolex.com\/es\/wp-content\/uploads\/2014\/07\/SOL-2-100x101.jpg 100w, https:\/\/pesolex.com\/es\/wp-content\/uploads\/2014\/07\/SOL-2-150x152.jpg 150w, https:\/\/pesolex.com\/es\/wp-content\/uploads\/2014\/07\/SOL-2-200x202.jpg 200w\" sizes=\"auto, (max-width: 300px) 100vw, 300px\" \/><\/span><\/a><\/span><\/div>\n<div dir=\"ltr\"><\/div>\n<div dir=\"ltr\">\n<hr \/>\n<p><b>\u00a0<\/b><\/p>\n<\/div>\n<div dir=\"ltr\">\n<h2><span style=\"color: #000000;\"><b>\u00bb LA LLAMADA \u00ab<\/b><\/span><\/h2>\n<div><\/div>\n<div><span style=\"color: #000000;\">LAS RESPONSABILIDADES QUE COMPORTA\u00a0<b>LA LLAMADA<\/b>\u00a0ESTAN CARGADAS DE<\/span><\/div>\n<div><span style=\"color: #000000;\">EXTREMA GRAVEDAD. ! ESTAD ATENTOS ! LAS REPRIMENDAS SERAN MUY PESADAS Y NO PODRA&#8217; HABER PERDON.<\/span><\/div>\n<div><\/div>\n<div><span style=\"color: #000000;\">OS RECOMENDAMOS QUE SEAIS PLENAMENTE CONSCIENTES DEL DON QUE EL<\/span><\/div>\n<div><span style=\"color: #000000;\">ALTISIMO OS HA CONCEDIDO Y QUE PERSEVEREIS CON FORTALEZA ESPIRITUAL<\/span><\/div>\n<div><span style=\"color: #000000;\">SI VERDADERAMENTE QUEREIS SENTAROS A SU LADO Y CON EL GOZAR DE LA ELECCION QUE SU GLORIA CONCEDERA A LOS HEREDEROS DE SU CELESTE<\/span><\/div>\n<div><span style=\"color: #000000;\">REINO.<\/span><\/div>\n<div><\/div>\n<div><span style=\"color: #000000;\">LAS PRUEBAS SERAN MAS DURAS Y LA FELICIDAD DEL ESPIRITU MAYOR. ESTA VERDAD OS HA SIDO REVELADA PARA QUE VUESTRO CONOCIMIENTO SEA INQUEBRANTABLE Y SOLIDA VUESTRA FE.<\/span><\/div>\n<div><\/div>\n<div><span style=\"color: #000000;\">LA LLAMADA, HERMANOS Y HERMANAS, QUIERE SIGNIFICAR VUESTRO<b>\u00a0\u00bb\u00a0SI \u00bb\u00a0<\/b><\/span><\/div>\n<div><span style=\"color: #000000;\"><b>AL SE\u00d1OR,<\/b>\u00a0VUESTRA COMPLETA DISPONIBILIDAD PARA SERVIRLE Y AMARLE SIN LIMITES Y SIN CONDICIONES. NO OS ESPEREIS TOLERANCIA ALGUNA POR<\/span><\/div>\n<div><span style=\"color: #000000;\">LOS ERRORES QUE HAYAIS COMETIDO TENIENDO UNA MAYOR CONCIENCIA Y<\/span><\/div>\n<div><span style=\"color: #000000;\">MADUREZ.<b>\u00a0EL PERIODO DE LA SE\u00d1ALACION ESTA POR TERMINAR<\/b>, PORQUE EL<\/span><\/div>\n<div><span style=\"color: #000000;\">TIEMPO DEL SE\u00d1OR VIENE. QUIEN HAYA RECOGIDO CONSERVE, CELOSAMENTE,<\/span><\/div>\n<div><span style=\"color: #000000;\">CUANTO HA RECOGIDO POR EL BIEN DEL ALMA, PORQUE NO OS SERA CONCEDIDO OTRO TIEMPO. NI SE ABRIRAN NUEVOS SENDEROS.\u00a0ESTAD ATENTOS Y PERMANECED SIEMPRE FORTIFICADOS EN EL ESPIRITU.<\/span><\/div>\n<div><span style=\"color: #000000;\">MUCHAS COSAS MUTARAN. NO TENGAIS TEMOR Y NO OS DEJEIS DISUADIR.<\/span><\/div>\n<div><span style=\"color: #000000;\"><b>LA LUZ ESTA EN VOSOTROS Y CON VOSOTROS.<\/b><\/span><\/div>\n<div><\/div>\n<div><span style=\"color: #000000;\"><b>PAZ.<\/b><\/span><\/div>\n<div><span style=\"color: #000000;\"><b>\u00a0<\/b><\/span><\/div>\n<div><span style=\"color: #000000;\"><b>EL CONSOLADOR<\/b><\/span><\/div>\n<div><span style=\"color: #000000;\"><b>NICOLOSI, 5 NOVEMBRE 1977, II ORE<\/b><\/span><\/div>\n<\/div>\n<\/div>\n<\/div>\n","protected":false},"excerpt":{"rendered":"<p>EL SOL: EL SINCRONIZADOR MAGNETICO \u201cEL SOL NO ES UNA JOYA, SINO UN SIMBOLO SOLAR QUE OBLIGA A QUIEN LO LLEVA A SER SIEMPRE CONSCIENTE Y RESPONSABLE. SOLAMENTE QUIENES PONEN EN PACTICA LAS DIRECTRICES DE LOS ELOHIM Y DIVULGAN SUS &hellip;<\/p>\n<p class=\"read-more\"> <a class=\"more-link\" href=\"https:\/\/pesolex.com\/es\/el-sol-el-sincronizador-magnetico-y-la-llamada\/\"> <span class=\"screen-reader-text\">El Sol: el Sincronizador Magn\u00e9tico y la \u00abLlamada\u00bb<\/span> Leer m\u00e1s \u00bb<\/a><\/p>\n","protected":false},"author":3,"featured_media":0,"parent":0,"menu_order":0,"comment_status":"closed","ping_status":"closed","template":"","meta":{"_monsterinsights_skip_tracking":false,"_monsterinsights_sitenote_active":false,"_monsterinsights_sitenote_note":"","_monsterinsights_sitenote_category":0,"footnotes":""},"class_list":["post-1559","page","type-page","status-publish","hentry"],"_links":{"self":[{"href":"https:\/\/pesolex.com\/es\/wp-json\/wp\/v2\/pages\/1559","targetHints":{"allow":["GET"]}}],"collection":[{"href":"https:\/\/pesolex.com\/es\/wp-json\/wp\/v2\/pages"}],"about":[{"href":"https:\/\/pesolex.com\/es\/wp-json\/wp\/v2\/types\/page"}],"author":[{"embeddable":true,"href":"https:\/\/pesolex.com\/es\/wp-json\/wp\/v2\/users\/3"}],"replies":[{"embeddable":true,"href":"https:\/\/pesolex.com\/es\/wp-json\/wp\/v2\/comments?post=1559"}],"version-history":[{"count":11,"href":"https:\/\/pesolex.com\/es\/wp-json\/wp\/v2\/pages\/1559\/revisions"}],"predecessor-version":[{"id":8175,"href":"https:\/\/pesolex.com\/es\/wp-json\/wp\/v2\/pages\/1559\/revisions\/8175"}],"wp:attachment":[{"href":"https:\/\/pesolex.com\/es\/wp-json\/wp\/v2\/media?parent=1559"}],"curies":[{"name":"wp","href":"https:\/\/api.w.org\/{rel}","templated":true}]}}