{"id":1566,"date":"2015-01-17T09:08:44","date_gmt":"2015-01-17T09:08:44","guid":{"rendered":"https:\/\/pesolex.com\/es\/?page_id=1566"},"modified":"2019-09-23T14:53:46","modified_gmt":"2019-09-23T14:53:46","slug":"testamento-espiritual","status":"publish","type":"page","link":"https:\/\/pesolex.com\/es\/testamento-espiritual\/","title":{"rendered":"Testamento Espiritual"},"content":{"rendered":"<p><a href=\"https:\/\/pesolex.com\/it\/wp-content\/uploads\/2015\/01\/logo-solex-mal-definitivo.jpg\"><img loading=\"lazy\" decoding=\"async\" class=\"alignleft wp-image-2417\" src=\"https:\/\/pesolex.com\/it\/wp-content\/uploads\/2015\/01\/logo-solex-mal-definitivo-300x292.jpg\" alt=\"logo solex mal definitivo\" width=\"254\" height=\"247\" \/><\/a><a href=\"https:\/\/pesolex.com\/it\/wp-content\/uploads\/2015\/01\/SOL.jpg\"><img loading=\"lazy\" decoding=\"async\" class=\"alignright wp-image-2416\" src=\"https:\/\/pesolex.com\/it\/wp-content\/uploads\/2015\/01\/SOL-296x300.jpg\" alt=\"SOL\" width=\"243\" height=\"246\" \/><\/a><\/p>\n<p>&nbsp;<\/p>\n<p>&nbsp;<\/p>\n<p>&nbsp;<\/p>\n<div style=\"text-align: center;\"><i><b>\u00a0 \u00a0 \u00a0 \u00a0 \u00a0 \u00a0 \u00a0 \u00a0 \u00a0 \u00a0 \u00a0 \u00a0 \u00a0 \u00a0 \u00a0 \u00a0 \u00a0 \u00a0 \u00a0 \u00a0 \u00a0 <\/b><\/i><\/div>\n<div style=\"text-align: center;\"><\/div>\n<div style=\"text-align: center;\"><\/div>\n<div style=\"text-align: center;\"><\/div>\n<div style=\"text-align: center;\"><\/div>\n<div style=\"text-align: center;\"><\/div>\n<p><iframe loading=\"lazy\" id=\"audio_3424351\" style=\"border: 1px solid #EEE; box-sizing: border-box; width: 100%;\" src=\"https:\/\/www.ivoox.com\/player_ej_3424351_4_1.html?c1=ff6600\" width=\"300\" height=\"200\" frameborder=\"0\" scrolling=\"no\" allowfullscreen=\"allowfullscreen\"><\/iframe><\/p>\n<div style=\"text-align: center;\"><\/div>\n<div style=\"text-align: center;\"><i><b><span style=\"text-decoration: underline;\"><span style=\"color: #00ccff; text-decoration: underline;\">INTRODUCCION<\/span><\/span><\/b><\/i><\/div>\n<div><\/div>\n<div lang=\"es-ES\"><i><b>He esperado un tiempo para ponerlos en conocimiento de todo esto y lo hago ahora porque todo tiene su tiempo. <\/b><\/i><\/div>\n<div lang=\"es-ES\"><i><b>Como cuando Eugenio me dec\u00eda m\u00e1s veces, en esos pocos momentos que permanec\u00edamos solos, tanto \u00e9l y yo nos busc\u00e1bamos, para transmitir y recibir&#8230;<\/b><\/i><\/div>\n<div><\/div>\n<div>\u2026 \u201c<span lang=\"es-ES\"><i><b>El tiempo es como el \u00e1rbol quando ha de tener que dar su fruto, porque es maduro, pero es preciso saber tomarlo del \u00e1rbol, procurando de no hacerlo caer a la tierra, perder\u00eda ese instante, ese momento de ser tomado, se sentir\u00eda no degustado, como cuando con agitada espera, \u00e9l sabe que lo lo esperan para nutrirse.<\/b><\/i><\/span><\/div>\n<div><i><b>Da dial\u00f3gos personales con Eugenio Siragusa Agosto 1983<\/b><\/i><\/div>\n<div><\/div>\n<div><i><b>Este es aquel tiempo&#8230;!! <\/b><\/i><\/div>\n<div><\/div>\n<div><i><b>UN DIA ME DICE:<\/b><\/i><\/div>\n<div>\u201c\u2026<span lang=\"es-ES\"><i><b>DEBES ser como cuando est\u00e1s por poner la soga para ir arriba: todos te LLAMAN y te dicen, incluso si miras hacia abajo, procura siempre que seas el primero y contin\u00faa al mismo tiempo subiendo\u2026\u201d<\/b><\/i><\/span><\/div>\n<div><i><b>\u00a0<\/b><\/i><\/div>\n<div><i><b>Eugenio Siragusa Marzo 1989 <\/b><\/i><\/div>\n<div><\/div>\n<div><a href=\"https:\/\/pesolex.com\/es\/wp-content\/uploads\/2015\/01\/TRIBUTO-A-E.S.jpg\"><img loading=\"lazy\" decoding=\"async\" class=\"aligncenter size-full wp-image-1564\" src=\"https:\/\/pesolex.com\/es\/wp-content\/uploads\/2015\/01\/TRIBUTO-A-E.S.jpg\" alt=\"TRIBUTO A E.S\" width=\"200\" height=\"146\" srcset=\"https:\/\/pesolex.com\/es\/wp-content\/uploads\/2015\/01\/TRIBUTO-A-E.S.jpg 200w, https:\/\/pesolex.com\/es\/wp-content\/uploads\/2015\/01\/TRIBUTO-A-E.S-100x73.jpg 100w, https:\/\/pesolex.com\/es\/wp-content\/uploads\/2015\/01\/TRIBUTO-A-E.S-150x109.jpg 150w\" sizes=\"auto, (max-width: 200px) 100vw, 200px\" \/><\/a><\/div>\n<div><\/div>\n<div><\/div>\n<div>\n<div><i><span style=\"text-decoration: underline;\"><b>Discurso de Testamento Espiritual entre Eugenio Siragusa y Filippo Bongiovanni<\/b><\/span><\/i><\/div>\n<div><\/div>\n<div><\/div>\n<div><i><b>EL PADRE GLORIOSO DICE A MOIS\u00c9S:<\/b><\/i><\/div>\n<div><\/div>\n<div><i><b>-YO SOY EL SE\u00d1OR DIOS TUYO, NO HABR\u00c1 OTROS DIOSES EN FRENTE DE MI.<\/b><\/i><\/div>\n<div><\/div>\n<div><i><b>-NO PRONUNCIAR EL NOMBRE DE DIOS EN VANO<\/b><\/i><\/div>\n<div><\/div>\n<div><i><b>JESUS RECORD\u00d3: <\/b><\/i><span lang=\"es-ES\"><i><b>no cometer asesinatos, no traicionar, no robar, no decir falso testimonio, honrar a tu padre y tu madre, ama a tu pr\u00f3jimo como a ti mismo, no hacer a los dem\u00e1s lo que no te hubiera gustado que te hayan hecho a t\u00ed.<\/b><\/i><\/span><\/div>\n<div><\/div>\n<div><span lang=\"es-ES\"><i><span style=\"text-decoration: underline;\"><b>EL FANATISMO<\/b><\/span><\/i><\/span><span lang=\"es-ES\"><i><b>, NO ES OTRA COSA QUE EL EXCESO DE LO QUE NO EXISTE\u2026!! CUANDO UN SER ES CAPAZ DE <\/b><\/i><\/span><span lang=\"es-ES\"><i><span style=\"text-decoration: underline;\"><b>DISCERNIR<\/b><\/span><\/i><\/span><span lang=\"es-ES\"><i><b>, NO PUEDE VERSE TENTADO, Y POR LO TANTO NADIE PUEDE HACERLO CAER EN EL ERROR.<\/b><\/i><\/span><\/div>\n<div><\/div>\n<div><span lang=\"es-ES\"><i><b>Comunica a los otros que hay que hacerse poseer por una virtud y ponerla en pr\u00e1ctica&#8230;!! <\/b><\/i><\/span><span lang=\"es-ES\"><i><span style=\"text-decoration: underline;\"><b>EL DISCERNIMIENTO:<\/b><\/span><\/i><\/span><\/div>\n<div><\/div>\n<div><span lang=\"es-ES\"><i><span style=\"text-decoration: underline;\"><b>EL DISCERNIMIENTO<\/b><\/span><\/i><\/span><span lang=\"es-ES\"><i><b> ES ESTO: CONOCER ANTES DE EFECTUAR UNA CAUSA, CU\u00c1LES PUEDEN SER LOS EFECTOS. PORQUE EN EL UNIVERSO EXISTE ESTA LEY \u00ab<\/b><\/i><\/span><span lang=\"es-ES\"><i><span style=\"text-decoration: underline;\"><b>CAUSA Y EFECTO<\/b><\/span><\/i><\/span><span lang=\"es-ES\"><i><b>\u00bb Y ES INSUSTITUIBLE. ES NECESARIO BUSCAR, ES BUSCANDO QUE SE ENCUENTRA.<\/b><\/i><\/span><\/div>\n<div><\/div>\n<div><i><b>INVITA SIEMPRE A:<\/b><\/i><\/div>\n<div><i><span style=\"text-decoration: underline;\"><b>costatatar, reflexionar,meditar, deducir, determinar. <\/b><\/span><\/i><\/div>\n<div><i><b>1) No juzgueis, si no quer\u00e9is ser juzgados\u2026 ninguno conoce los secretos del coraz\u00f3n\u20262) El Padre sol concede su luz para todos\u2026es \u00e9l el Supremo Juez\u2026.\u00bb!!! 3) \u2026Estad siempre positivos\u2026.\u00bb!!! \u2026Escucha la voz del coraz\u00f3n y no lo que dicen los otros\u2026!!!<\/b><\/i><\/div>\n<div><span lang=\"es-ES\"><i><b>ESTOS CONCEPTOS SON NACIDOS DE LOS PRINCIPIOS SAGRADOS QUE GOBIERNAN TODAS LAS DIMENSIONES PRESENTES EN EL UNIVERSO \u00ab<\/b><\/i><\/span><span lang=\"es-ES\"><i><span style=\"text-decoration: underline;\"><b>JUSTICIA \u2013PAZ-AMOR\u00bb.<\/b><\/span><\/i><\/span><\/div>\n<div><\/div>\n<div>\u201c<i><b>No es necesario tener la mente abierta, sino el coraz\u00f3n\u00bb, <\/b><\/i><i><span style=\"text-decoration: underline;\"><b>y es lo que recomend\u00f3<\/b><\/span><\/i><i><b> Jes\u00fas a los suyos. <\/b><\/i><i><span style=\"text-decoration: underline;\"><b>Como <\/b><\/span><\/i><i><b>el Consolador Prometido del Padre <\/b><\/i><i><span style=\"text-decoration: underline;\"><b>ha repetido a los suyos<\/b><\/span><\/i><i><b>\u00abno es el mensajero que tiene importancia, sino el mensaje que por su mediaci\u00f3n os llega<\/b><\/i><\/div>\n<div><\/div>\n<div><span lang=\"es-ES\"><i><b>El concepto de <\/b><\/i><\/span><span lang=\"es-ES\"><i><b>Verdad Universal, como se ha realizado, y de atenerse a decir todo aquello en base a la tarea para la que hab\u00e9is sido elegidos. Deber de todos pasar\u00e1 a ser: no producir pensamientos que conducen a la discordancia y crean desarmon\u00eda, reservas mentales surgidas por la sospecha, <\/b><\/i><\/span><\/div>\n<div><span lang=\"es-ES\"><i><b>construir y no destruir <\/b><\/i><\/span><span lang=\"es-ES\"><i><b>sino armonizar y no desarmonizar.<\/b><\/i><\/span><\/div>\n<div lang=\"es-ES\"><\/div>\n<div><span lang=\"es-ES\"><i><b>El tr\u00edpode donde descansa toda la evoluci\u00f3n: <\/b><\/i><\/span><span lang=\"es-ES\"><i><span style=\"text-decoration: underline;\"><b>Justicia-PAZ-AMOR<\/b><\/span><\/i><\/span><span lang=\"es-ES\"><i><b>&#8230; Conmocionando esta ley es inevitable que intervenga la tentaci\u00f3n&#8230; <\/b><\/i><\/span><span lang=\"es-ES\"><i><span style=\"text-decoration: underline;\"><b>la Humanidad est\u00e1 bajo este flujo<\/b><\/span><\/i><\/span><span lang=\"es-ES\"><i><b>.<\/b><\/i><\/span><\/div>\n<div><\/div>\n<div><span lang=\"es-ES\"><i><b>La claridad y las posiciones, la buscan y la piden, todos aquellos que todav\u00eda no han realizado la verdad y el conocimiento, en efecto, es ella <\/b><\/i><\/span><span lang=\"es-ES\"><i><b>la que ha de poseer y no ha de ser pose\u00edda. Cuando todo esto invade totalmente el Ser, entonces se tiene la certeza absoluta de entrar en las gracias del PADRE CREADOR. <\/b><\/i><\/span><\/div>\n<div><span lang=\"es-ES\"><i><b>. . .<\/b><\/i><\/span><span lang=\"es-ES\"><i><b>Hay que rendir cuenta solo a DIOS\u2026<\/b><\/i><\/span><\/div>\n<div><\/div>\n<div><i><b>&#8230; <\/b><\/i><span lang=\"es-ES\"><i><b>El padre quiere probar que los hombres comprendan su Justicia, sin que a esta sea antepuesta la venganza&#8230; <\/b><\/i><\/span><\/div>\n<div><span lang=\"es-ES\"><i><b>La mejor venganza para Dios es el <\/b><\/i><\/span><span lang=\"es-ES\"><i><b>perd\u00f3n&#8230; porque la justicia es solo su prerrogativa, pero debemos amarla como \u00e9l quiere que la amemos. <\/b><\/i><\/span><\/div>\n<div><span lang=\"es-ES\"><i><b>La venganza en este mundo ser\u00e1 atribuida a Dios,<\/b><\/i><\/span><span lang=\"es-ES\"><i><b> pero esta no tiene nada que ver con \u00e9l porque no sufre de las humanas debilidades&#8230; <\/b><\/i><\/span><\/div>\n<div lang=\"es-ES\"><i><b>Hasta pronto\u2026<\/b><\/i><\/div>\n<div><\/div>\n<div><i><b>EL TESTIGO EL DISC\u00cdPULO EL MENSAJERO, EL TESTIGO DE ESTE TIEMPO APOCAL\u00cdPTICO Y DEL PADRE GLORIOSO&#8230;<\/b><\/i><\/div>\n<div><\/div>\n<div><i><b>FILIPPO BONGIOVANNI<\/b><\/i><\/div>\n<\/div>\n<div><\/div>\n<div><\/div>\n<div>\n<div><\/div>\n<div><\/div>\n<div><\/div>\n<div><a href=\"https:\/\/pesolex.com\/es\/wp-content\/uploads\/2015\/01\/Discurso-de-testamento-espiritual-de-Eugenio-Siragusa-a-Filippo-Bongiovanni.pdf\" target=\"_blank\" rel=\"noopener noreferrer\"><b>Testamento Espiritual\u00a0 \u00a0Pdf<\/b><\/a><\/div>\n<\/div>\n","protected":false},"excerpt":{"rendered":"<p>&nbsp; &nbsp; &nbsp; \u00a0 \u00a0 \u00a0 \u00a0 \u00a0 \u00a0 \u00a0 \u00a0 \u00a0 \u00a0 \u00a0 \u00a0 \u00a0 \u00a0 \u00a0 \u00a0 \u00a0 \u00a0 \u00a0 \u00a0 \u00a0 INTRODUCCION He esperado un tiempo para ponerlos en conocimiento de todo esto y lo hago ahora &hellip;<\/p>\n<p class=\"read-more\"> <a class=\"more-link\" href=\"https:\/\/pesolex.com\/es\/testamento-espiritual\/\"> <span class=\"screen-reader-text\">Testamento Espiritual<\/span> Leer m\u00e1s \u00bb<\/a><\/p>\n","protected":false},"author":3,"featured_media":0,"parent":0,"menu_order":0,"comment_status":"closed","ping_status":"closed","template":"sidebar-content-page.php","meta":{"_monsterinsights_skip_tracking":false,"_monsterinsights_sitenote_active":false,"_monsterinsights_sitenote_note":"","_monsterinsights_sitenote_category":0,"footnotes":""},"class_list":["post-1566","page","type-page","status-publish","hentry"],"_links":{"self":[{"href":"https:\/\/pesolex.com\/es\/wp-json\/wp\/v2\/pages\/1566","targetHints":{"allow":["GET"]}}],"collection":[{"href":"https:\/\/pesolex.com\/es\/wp-json\/wp\/v2\/pages"}],"about":[{"href":"https:\/\/pesolex.com\/es\/wp-json\/wp\/v2\/types\/page"}],"author":[{"embeddable":true,"href":"https:\/\/pesolex.com\/es\/wp-json\/wp\/v2\/users\/3"}],"replies":[{"embeddable":true,"href":"https:\/\/pesolex.com\/es\/wp-json\/wp\/v2\/comments?post=1566"}],"version-history":[{"count":6,"href":"https:\/\/pesolex.com\/es\/wp-json\/wp\/v2\/pages\/1566\/revisions"}],"predecessor-version":[{"id":5978,"href":"https:\/\/pesolex.com\/es\/wp-json\/wp\/v2\/pages\/1566\/revisions\/5978"}],"wp:attachment":[{"href":"https:\/\/pesolex.com\/es\/wp-json\/wp\/v2\/media?parent=1566"}],"curies":[{"name":"wp","href":"https:\/\/api.w.org\/{rel}","templated":true}]}}