{"id":47,"date":"2014-02-20T19:14:19","date_gmt":"2014-02-20T19:14:19","guid":{"rendered":"https:\/\/pesolex.com\/es\/?page_id=47"},"modified":"2019-05-11T12:11:39","modified_gmt":"2019-05-11T12:11:39","slug":"filippo-bongiovanni","status":"publish","type":"page","link":"https:\/\/pesolex.com\/es\/que-es-solex-mal\/filippo-bongiovanni\/","title":{"rendered":"Filippo Bongiovanni"},"content":{"rendered":"<p>&#8211; NACE EN CATANIA (SICILIA \u2013 ITALIA), 05 AGOSTO EN EL A\u00d1O 1960.<\/p>\n<p>&#8211; PROFESION: QUIMICO.<\/p>\n<p>&#8211; CASADO DESDE EL A\u00d1O 1982, CON DOS HIJOS.<\/p>\n<p>&#8211; ESTUDIA CIENCIAS POLITICAS, EN PARTICULAR, RELACIONES INTERNACIONALES Y ANTROPOLOGIA, LA UNION DE LOS PUEBLOS CON LAS RELIGIONES.<\/p>\n<p>&#8211; ESTUDIOSO DEL \u201cCONTACTISMO\u201d\u00a0 Y FERVIENTE CREYENTE DE LA PRESENCIA SOBRE NUESTRO PLANETA, YA DESDE LA ANTIGUEDAD, DE SERES PROVENIENTES DE LOS ESPACIOS EXTERIORES DE VOLUMETRICA CONCIENCIA. \u201cANGELES AYER, EXTRATERRESTRES HOY\u201d.<\/p>\n<p>&#8211; EN EL A\u00d1O 1976, CONOCE EUGENIO SIRAGUSA \u201cEL MENSAJERO DE\u00a0 LOS EXTRATERRESTRES Y EL ANUNCIADOR DEL APOCALIPSIS\u201d. EL AUTOR Y REVELADOR DE ESE LIBRO, QUE CIERRA EL NUEVO TESTAMENTO DE LA\u00a0 BIBLIA, JUAN EL EVANGELISTA, ES EL PERSONAJE ESPIRITUAL QUE ACTUA. A TRAVES DE EUGENIO SIRAGUSA EN SU OBRA DE REDENCION, COMO CONSOLADOR PROMETIDO, COMO PORTADOR DE LAS REVELACIONES DIVINAS. (GV. CAP.14-16) (GV. 14-25) (GV.15-26) (GV. 16-7).<\/p>\n<p>&#8211; EN EL A\u00d1O 1978, EUGENIO SIRAGUSA\u00a0 CIERRA \u201cEL CENTRO ESTUDIOS FRATERNIDAD COSMICA\u201d, \u201cCENTRO STUDI FRATELLANZA COSMICA\u201d QUE HABIA\u00a0 SIDO FUNDADO Y GUIADO POR EL. Filippo es testigo de los eventos y del calvario que Eugenio debi\u00f3 soportar desde el mes de agosto de 1978, al mes de abril de 1982, en oportunidad de ser denunciado, encarcelado y desacreditado por los medios de comunicaci\u00f3n, v\u00edctima de un complot que ten\u00eda como objetivo su eliminaci\u00f3n. Desde el 1978, al mes de febrero de 1979, que fue dejado con libertad provisional, se produjeron en el mundo, m\u00e1s de 20.000 casos de avistamientos de Naves Extraterrestres en suporte a su \u201cMENSAJERO\u201d. En tal sentido la acci\u00f3n judicial arroj\u00f3 un dictamen que en s\u00edntesis reza as\u00ed: \u201cESTE TRIBUNAL DECLARA INOCENTE A EUGENIO SIRAGUSA, POR AUSENCIA DE HECHO DELICTIVO\u00bb. En aquella oportunidad, 13 de Abril\u00a0\u00a0 de 1982, el Giornale del Sud defini\u00f3 el proceso seguido contra Siragusa como \u00abuna de las m\u00e1s feroces persecuciones judiciales y period\u00edsticas contra un hombre que no ha hecho otra cosa que profesar su propia fe\u00bb.<\/p>\n<p>&#8211; A PARTIR DE ENTONCES, FILIPPO ES TESTIGO DE LA OBRA DE EUGENIO SIRAGUSA EN EL MUNDO:<\/p>\n<p>&#8211; EN EL A\u00d1O 1982, FUNDA EN ESPA\u00d1A, \u201cLA ASOCIACION ADONAI PARA LA FRATERNIDAD COSMICA\u201d; QUE FUE EL ORGANISMO OFICIAL DE LA DIVULGACION DE LA OBRA; DURANTE ESOS ANOS, VIAJO EN TODA LAS CIUDADES POR LA DIFUSION.<\/p>\n<p>&#8211; ENSEGUIDA DESPUES, EN EL A\u00d1O 1985, EN ITALIA, EDITA EL PERIODICO \u201cNONSIAMOSOLI \u201c, \u201cNO ESTAMOS SOLOS\u201d, QUE FUE EL ORGANISMO OFICIAL DE LA DIVULGACION DE LA OBRA HASTA AL 1998; DURANTE ESOS ANOS, VIAJA A EUROPA, AFRICA, SUDAMERICA Y EX UNION SOVIETICA, DONDE SE ENCUENTRA CON AUTORIDADES, RESPONSABLES DE LOS GOBIERNOS, ASTRONAUTAS.<\/p>\n<p>&#8211; HOY, EL \u201cTESTIMONIO\u201d SIGUE CON \u201cSOLEX-MAL IDIOMA UNIVERSAL\u201d.<\/p>\n<p>&#8211; RARISIMAS VECES Y EN CIRCUNSTANCIAS PARTICULARES, HA TENIDO AVISTAMIENTOS DE NAVES EXTRATERRESTRES Y CON UNO DE LOS TRIPULANTES\u00a0 DE ESAS NAVES, TUVO UN \u201cENCUENTRO CERCANO DEL TERCER TIPO\u201d. EL SER QUE VIO&#8217;, SEGUN LA DESCRIPCION DEJADA AD EUGENIO SIRAGUSA, CORRESPONDIA A UNO DE LOS DOS SERES QUE EL MISMO ENCUENTRO&#8217; EN EL VOLCAN ETNA,EN EL A\u00d1O 1962, EL NOMBRE QUE LE DIO&#8217; ES \u201c ITHACAR\u201d.<\/p>\n<p>&#8211; POR LOS ACONTECIMIENTOS VIVIDOS DE CERCA, TAMBIEN ES TESTIGO DEL MENSAJE DE FATIMA, PORQUE ESTA DENTRO DE LA OBRA REVELADORA\u00a0 \u201cDEL CIELO A LA TIERRA\u201d DE EUGENIO SIRAGUSA. SIGUIENDO SUS DIRECTIVAS,\u00a0 ES CONOCEDOR DEL CONTENIDO\u00a0 DEL IV SECRETO, QUE SE ADJUNTA AL III\u00a0 SECRETO, YA DIVULGADO Y CONOCIDO EN EL MUNDO, NUNCA DESMENTIDO POR LAS AUTORIDADES DE LA IGLESIA. TODOS LOS PROTAGONISTAS DE\u00a0 LA REVELACION DE FATIMA, HAN SIDO\u00a0 ENCONTRADOS, POR VOLUNTAD SUPERIOR, Y PUESTOS A CONOCIMIENTO DEL PELIGRO QUE CORRE LA HUMANIDAD SI EL HOMBRE NO PONE LAS COSAS EN SU JUSTO SITIO.<\/p>\n<p>&#8211; As\u00ed como para la Sra. CONCHITA GONZALEZ, la Vidente de San Sebasti\u00e1n de GARABANDAL, Espa\u00f1a, ligada a los acontecimientos de las apariciones de la Virgen Mar\u00eda, quien se apareci\u00f3 a ella y a sus compa\u00f1eros, en los a\u00f1os sesenta. Habl\u00f3 telef\u00f3nicamente con ella, despu\u00e9s de que recibi\u00f3 el mensaje, donde le pidi\u00f3, por voluntad precisa de EUGENIO SIRAGUSA, de considerar seriamente la gravedad en que se encontraba el mundo.<\/p>\n<p>&#8211; HA ESCRITO DOS LIBROS: \u201cANGELES AYER, EXTRATERRESTRES HOY\u201d; Y \u201cEUGENIO SIRAGUSA: EL CONTACTADO\u201d. HAN SIDO DIVULGADOS DE FORMA GRATUITA, SIENDO PLENAMENTE CONSCIENTES\u00a0 \u201cQUE LA VERDAD NO SE COMPRA Y NO SE VENDE\u00bb. PRONTO SALDRAN LAS NUEVAS EDICIONES, TAMBIEN EN INTERNET, COMO SIEMPRE GRATUITAMENTE. HOY SIGUE DANDO TESTIMONIO DE LA OBRA DE EUGENIO SIRAGUSA EN EL MUNDO, COMO YA HEMOS CITADO, A TRAVES DE \u201cSOLEX-MAL IDIOMA UNIVERSAL\u201d.<\/p>\n<p><img loading=\"lazy\" decoding=\"async\" class=\"aligncenter size-large wp-image-5861\" src=\"https:\/\/pesolex.com\/es\/wp-content\/uploads\/2014\/02\/foto-Filippo-2018-1024x576.jpg\" alt=\"\" width=\"605\" height=\"340\" srcset=\"https:\/\/pesolex.com\/es\/wp-content\/uploads\/2014\/02\/foto-Filippo-2018-1024x576.jpg 1024w, https:\/\/pesolex.com\/es\/wp-content\/uploads\/2014\/02\/foto-Filippo-2018-300x169.jpg 300w, https:\/\/pesolex.com\/es\/wp-content\/uploads\/2014\/02\/foto-Filippo-2018-768x432.jpg 768w, https:\/\/pesolex.com\/es\/wp-content\/uploads\/2014\/02\/foto-Filippo-2018-100x56.jpg 100w, https:\/\/pesolex.com\/es\/wp-content\/uploads\/2014\/02\/foto-Filippo-2018-150x84.jpg 150w, https:\/\/pesolex.com\/es\/wp-content\/uploads\/2014\/02\/foto-Filippo-2018-200x113.jpg 200w, https:\/\/pesolex.com\/es\/wp-content\/uploads\/2014\/02\/foto-Filippo-2018-450x253.jpg 450w, https:\/\/pesolex.com\/es\/wp-content\/uploads\/2014\/02\/foto-Filippo-2018-600x338.jpg 600w, https:\/\/pesolex.com\/es\/wp-content\/uploads\/2014\/02\/foto-Filippo-2018-900x506.jpg 900w, https:\/\/pesolex.com\/es\/wp-content\/uploads\/2014\/02\/foto-Filippo-2018.jpg 1280w\" sizes=\"auto, (max-width: 605px) 100vw, 605px\" \/><\/p>\n","protected":false},"excerpt":{"rendered":"<p>&#8211; NACE EN CATANIA (SICILIA \u2013 ITALIA), 05 AGOSTO EN EL A\u00d1O 1960. &#8211; PROFESION: QUIMICO. &#8211; CASADO DESDE EL A\u00d1O 1982, CON DOS HIJOS. &#8211; ESTUDIA CIENCIAS POLITICAS, EN PARTICULAR, RELACIONES INTERNACIONALES Y ANTROPOLOGIA, LA UNION DE LOS PUEBLOS &hellip;<\/p>\n<p class=\"read-more\"> <a class=\"more-link\" href=\"https:\/\/pesolex.com\/es\/que-es-solex-mal\/filippo-bongiovanni\/\"> <span class=\"screen-reader-text\">Filippo Bongiovanni<\/span> Leer m\u00e1s \u00bb<\/a><\/p>\n","protected":false},"author":2,"featured_media":0,"parent":12,"menu_order":0,"comment_status":"closed","ping_status":"closed","template":"sidebar-content-page.php","meta":{"_monsterinsights_skip_tracking":false,"_monsterinsights_sitenote_active":false,"_monsterinsights_sitenote_note":"","_monsterinsights_sitenote_category":0,"footnotes":""},"class_list":["post-47","page","type-page","status-publish","hentry"],"_links":{"self":[{"href":"https:\/\/pesolex.com\/es\/wp-json\/wp\/v2\/pages\/47","targetHints":{"allow":["GET"]}}],"collection":[{"href":"https:\/\/pesolex.com\/es\/wp-json\/wp\/v2\/pages"}],"about":[{"href":"https:\/\/pesolex.com\/es\/wp-json\/wp\/v2\/types\/page"}],"author":[{"embeddable":true,"href":"https:\/\/pesolex.com\/es\/wp-json\/wp\/v2\/users\/2"}],"replies":[{"embeddable":true,"href":"https:\/\/pesolex.com\/es\/wp-json\/wp\/v2\/comments?post=47"}],"version-history":[{"count":11,"href":"https:\/\/pesolex.com\/es\/wp-json\/wp\/v2\/pages\/47\/revisions"}],"predecessor-version":[{"id":5862,"href":"https:\/\/pesolex.com\/es\/wp-json\/wp\/v2\/pages\/47\/revisions\/5862"}],"up":[{"embeddable":true,"href":"https:\/\/pesolex.com\/es\/wp-json\/wp\/v2\/pages\/12"}],"wp:attachment":[{"href":"https:\/\/pesolex.com\/es\/wp-json\/wp\/v2\/media?parent=47"}],"curies":[{"name":"wp","href":"https:\/\/api.w.org\/{rel}","templated":true}]}}