{"id":5375,"date":"2018-06-04T17:33:06","date_gmt":"2018-06-04T17:33:06","guid":{"rendered":"https:\/\/pesolex.com\/es\/?page_id=5375"},"modified":"2018-06-05T15:03:44","modified_gmt":"2018-06-05T15:03:44","slug":"blog","status":"publish","type":"page","link":"https:\/\/pesolex.com\/es\/blog\/","title":{"rendered":"Blog"},"content":{"rendered":"<p>Desde el a\u00f1o 2011 iniciamos nuestra tarea de difusi\u00f3n oficial de la obra de Eugenio Siragusa a trav\u00e9s de nuestros blogs en distintos idiomas. Acceda a blog en espa\u00f1ol haciendo click aqui:<\/p>\n<p><a href=\"http:\/\/solexmalidiomauniversalsudamerica.blogspot.com\/\" target=\"_blank\" rel=\"noopener noreferrer\">http:\/\/solexmalidiomauniversalsudamerica.blogspot.com\/<\/a><\/p>\n<p><a href=\"http:\/\/solexmalidiomauniversalsudamerica.blogspot.com\/\" target=\"_blank\" rel=\"noopener noreferrer\"><img loading=\"lazy\" decoding=\"async\" class=\"wp-image-4981 size-medium alignleft\" src=\"https:\/\/pesolex.com\/es\/wp-content\/uploads\/2014\/02\/EMBLEMA-SOLEX-300x293.jpg\" alt=\"\" width=\"300\" height=\"293\" srcset=\"https:\/\/pesolex.com\/es\/wp-content\/uploads\/2014\/02\/EMBLEMA-SOLEX-300x293.jpg 300w, https:\/\/pesolex.com\/es\/wp-content\/uploads\/2014\/02\/EMBLEMA-SOLEX-768x750.jpg 768w, https:\/\/pesolex.com\/es\/wp-content\/uploads\/2014\/02\/EMBLEMA-SOLEX-100x98.jpg 100w, https:\/\/pesolex.com\/es\/wp-content\/uploads\/2014\/02\/EMBLEMA-SOLEX-150x146.jpg 150w, https:\/\/pesolex.com\/es\/wp-content\/uploads\/2014\/02\/EMBLEMA-SOLEX-200x195.jpg 200w, https:\/\/pesolex.com\/es\/wp-content\/uploads\/2014\/02\/EMBLEMA-SOLEX-450x439.jpg 450w, https:\/\/pesolex.com\/es\/wp-content\/uploads\/2014\/02\/EMBLEMA-SOLEX-600x586.jpg 600w, https:\/\/pesolex.com\/es\/wp-content\/uploads\/2014\/02\/EMBLEMA-SOLEX-900x878.jpg 900w, https:\/\/pesolex.com\/es\/wp-content\/uploads\/2014\/02\/EMBLEMA-SOLEX.jpg 960w\" sizes=\"auto, (max-width: 300px) 100vw, 300px\" \/><\/a><\/p>\n","protected":false},"excerpt":{"rendered":"<p>Desde el a\u00f1o 2011 iniciamos nuestra tarea de difusi\u00f3n oficial de la obra de Eugenio Siragusa a trav\u00e9s de nuestros blogs en distintos idiomas. Acceda a blog en espa\u00f1ol haciendo click aqui: http:\/\/solexmalidiomauniversalsudamerica.blogspot.com\/<\/p>\n","protected":false},"author":3,"featured_media":0,"parent":0,"menu_order":0,"comment_status":"closed","ping_status":"closed","template":"","meta":{"_monsterinsights_skip_tracking":false,"_monsterinsights_sitenote_active":false,"_monsterinsights_sitenote_note":"","_monsterinsights_sitenote_category":0,"footnotes":""},"class_list":["post-5375","page","type-page","status-publish","hentry"],"_links":{"self":[{"href":"https:\/\/pesolex.com\/es\/wp-json\/wp\/v2\/pages\/5375","targetHints":{"allow":["GET"]}}],"collection":[{"href":"https:\/\/pesolex.com\/es\/wp-json\/wp\/v2\/pages"}],"about":[{"href":"https:\/\/pesolex.com\/es\/wp-json\/wp\/v2\/types\/page"}],"author":[{"embeddable":true,"href":"https:\/\/pesolex.com\/es\/wp-json\/wp\/v2\/users\/3"}],"replies":[{"embeddable":true,"href":"https:\/\/pesolex.com\/es\/wp-json\/wp\/v2\/comments?post=5375"}],"version-history":[{"count":5,"href":"https:\/\/pesolex.com\/es\/wp-json\/wp\/v2\/pages\/5375\/revisions"}],"predecessor-version":[{"id":5386,"href":"https:\/\/pesolex.com\/es\/wp-json\/wp\/v2\/pages\/5375\/revisions\/5386"}],"wp:attachment":[{"href":"https:\/\/pesolex.com\/es\/wp-json\/wp\/v2\/media?parent=5375"}],"curies":[{"name":"wp","href":"https:\/\/api.w.org\/{rel}","templated":true}]}}