{"id":5601,"date":"2018-09-24T02:47:04","date_gmt":"2018-09-24T02:47:04","guid":{"rendered":"https:\/\/pesolex.com\/es\/?page_id=5601"},"modified":"2022-08-13T15:48:23","modified_gmt":"2022-08-13T15:48:23","slug":"eventos-centro-estudios-eugenio-siragusa","status":"publish","type":"page","link":"https:\/\/pesolex.com\/es\/eventos-centro-estudios-eugenio-siragusa\/","title":{"rendered":"Eventos Centro Estudios Eug. Sirag."},"content":{"rendered":"\n<h5 class=\"title-and-badge style-scope ytd-video-renderer wp-block-heading\"><!-- Simple Share Buttons Adder (8.5.3) simplesharebuttons.com --><div class=\"ssba-classic-2 ssba ssbp-wrap alignleft ssbp--theme-1\"><div style=\"text-align:left\"><span class=\"ssba-share-text\">Share this...<\/span><br\/><a data-site=\"facebook\" class=\"ssba_facebook_share ssba_share_link\" href=\"https:\/\/www.facebook.com\/sharer.php?t=Eventos Centro Estudios Eug. Sirag.&u=https:\/\/pesolex.com\/es\/wp-json\/wp\/v2\/pages\/5601\"  target=_blank  style=\"color:; background-color: ; height: 48px; width: 48px; \" ><img decoding=\"async\" src=\"https:\/\/pesolex.com\/es\/wp-content\/plugins\/simple-share-buttons-adder\/buttons\/somacro\/facebook.png\" style=\"width: 35px;\" title=\"facebook\" class=\"ssba ssba-img\" alt=\"Share on facebook\" \/><div title=\"Facebook\" class=\"ssbp-text\">Facebook<\/div><\/a><a data-site=\"pinterest\" class=\"ssba_pinterest_share ssba_share_link\" href=\"https:\/\/pinterest.com\/pin\/create\/button\/?description=Eventos Centro Estudios Eug. Sirag.&media=&url=https:\/\/pesolex.com\/es\/wp-json\/wp\/v2\/pages\/5601\"  target=_blank  style=\"color:; background-color: ; height: 48px; width: 48px; \" ><img decoding=\"async\" src=\"https:\/\/pesolex.com\/es\/wp-content\/plugins\/simple-share-buttons-adder\/buttons\/somacro\/pinterest.png\" style=\"width: 35px;\" title=\"pinterest\" class=\"ssba ssba-img\" alt=\"Share on pinterest\" \/><div title=\"Pinterest\" class=\"ssbp-text\">Pinterest<\/div><\/a><a data-site=\"twitter\" class=\"ssba_twitter_share ssba_share_link\" href=\"https:\/\/twitter.com\/intent\/tweet?text=Eventos Centro Estudios Eug. Sirag.&url=https:\/\/pesolex.com\/es\/wp-json\/wp\/v2\/pages\/5601&via=\"  target=_blank  style=\"color:; background-color: ; height: 48px; width: 48px; \" ><img decoding=\"async\" src=\"https:\/\/pesolex.com\/es\/wp-content\/plugins\/simple-share-buttons-adder\/buttons\/somacro\/twitter.png\" style=\"width: 35px;\" title=\"twitter\" class=\"ssba ssba-img\" alt=\"Share on twitter\" \/><div title=\"Twitter\" class=\"ssbp-text\">Twitter<\/div><\/a><a data-site=\"linkedin\" class=\"ssba_linkedin_share ssba_share_link\" href=\"https:\/\/www.linkedin.com\/shareArticle?title=Eventos Centro Estudios Eug. Sirag.&url=https:\/\/pesolex.com\/es\/wp-json\/wp\/v2\/pages\/5601\"  target=_blank  style=\"color:; background-color: ; height: 48px; width: 48px; \" ><img decoding=\"async\" src=\"https:\/\/pesolex.com\/es\/wp-content\/plugins\/simple-share-buttons-adder\/buttons\/somacro\/linkedin.png\" style=\"width: 35px;\" title=\"linkedin\" class=\"ssba ssba-img\" alt=\"Share on linkedin\" \/><div title=\"Linkedin\" class=\"ssbp-text\">Linkedin<\/div><\/a><\/div><\/div><\/h5>\n\n\n\n<h5 class=\"wp-block-heading\">   La Revelaci\u00f3n Mesi\u00e1nica Extraterrestre n.5 , Poner La Cosas en su Justo lugar RadioLatitud 34 -11 08 2022 <\/h5>\n\n\n<p><iframe loading=\"lazy\" title=\"La Revelaci\u00f3n Mesi\u00e1nica Extraterrestre, Poner La Cosas en su Justo lugar RadioLatitud 34 -11 08 2022\" width=\"605\" height=\"340\" src=\"https:\/\/www.youtube.com\/embed\/pG-QWRuboCI?feature=oembed\" frameborder=\"0\" allow=\"accelerometer; autoplay; clipboard-write; encrypted-media; gyroscope; picture-in-picture; web-share\" referrerpolicy=\"strict-origin-when-cross-origin\" allowfullscreen><\/iframe><\/p>\n\n\n<h5 class=\"wp-block-heading\">  <\/h5>\n\n\n\n<h5 class=\"wp-block-heading\">La Revelaci\u00f3n Mesi\u00e1nica Extraterrestre n.4 , Poner La Cosas en su Justo lugar RadioLatitud 34 -04 08 2022<\/h5>\n\n\n<p><iframe loading=\"lazy\" title=\"La Revelaci\u00f3n Mesi\u00e1nica Extraterrestre, Poner La Cosas en su Justo lugar RadioLatitud 34 -04 08 2022\" width=\"605\" height=\"340\" src=\"https:\/\/www.youtube.com\/embed\/Whdtqoob1gI?feature=oembed\" frameborder=\"0\" allow=\"accelerometer; autoplay; clipboard-write; encrypted-media; gyroscope; picture-in-picture; web-share\" referrerpolicy=\"strict-origin-when-cross-origin\" allowfullscreen><\/iframe><\/p>\n\n\n<p><\/p>\n\n\n\n<h5 class=\"wp-block-heading\"> La Revelaci\u00f3n Mesi\u00e1nica Extraterrestre n.3 , Poner La Cosas en su Justo lugar RadioLatitud 34 -28 07 2022  <\/h5>\n\n\n\n<figure class=\"wp-block-embed is-type-video is-provider-youtube wp-block-embed-youtube wp-embed-aspect-16-9 wp-has-aspect-ratio\"><div class=\"wp-block-embed__wrapper\">\n<iframe loading=\"lazy\" title=\"La Revelaci\u00f3n Mesi\u00e1nica Extraterrestre, Poner La Cosas en su Justo lugar RadioLatitud 34 -28 07 2022\" width=\"605\" height=\"340\" src=\"https:\/\/www.youtube.com\/embed\/bCfUUmgaIsk?feature=oembed\" frameborder=\"0\" allow=\"accelerometer; autoplay; clipboard-write; encrypted-media; gyroscope; picture-in-picture; web-share\" referrerpolicy=\"strict-origin-when-cross-origin\" allowfullscreen><\/iframe>\n<\/div><\/figure>\n\n\n\n<h5 class=\"wp-block-heading\">La Revelaci\u00f3n Mesi\u00e1nica Extraterrestre n.2 , Poner La Cosas en su Justo lugar RadioLatitud 34 -21 07 2022 <\/h5>\n\n\n<p><iframe loading=\"lazy\" title=\"La Revelaci\u00f3n Mesi\u00e1nica Extraterrestre, Poner La Cosas en su Justo lugar RadioLatitud 34 -21 07 2022\" width=\"605\" height=\"340\" src=\"https:\/\/www.youtube.com\/embed\/PjvKpj6FyqM?feature=oembed\" frameborder=\"0\" allow=\"accelerometer; autoplay; clipboard-write; encrypted-media; gyroscope; picture-in-picture; web-share\" referrerpolicy=\"strict-origin-when-cross-origin\" allowfullscreen><\/iframe><\/p>\n\n\n<h5 class=\"wp-block-heading\">La Revelacion Mesianica Extraterrestre n.1 , Hay que Poner las cosas en su Justo Lugar &#8211; Radiolatitud34 &#8211; 14 07 22<\/h5>\n\n\n<p><iframe loading=\"lazy\" width=\"560\" height=\"315\" src=\"https:\/\/www.youtube.com\/embed\/ZxJKEC2bVmM\" title=\"YouTube video player\" frameborder=\"0\" allow=\"accelerometer; autoplay; clipboard-write; encrypted-media; gyroscope; picture-in-picture\" allowfullscreen=\"\"><\/iframe><\/p>\n\n\n<iframe loading=\"lazy\" width=\"560\" height=\"315\" src=\"https:\/\/www.youtube.com\/embed\/F_P2d3h22zI\" title=\"YouTube video player\" frameborder=\"0\" allow=\"accelerometer; autoplay; clipboard-write; encrypted-media; gyroscope; picture-in-picture\" allowfullscreen=\"\"><\/iframe>\n\n\n\n<h5 class=\"title style-scope ytd-video-primary-info-renderer wp-block-heading\">PROFEC\u00cdA EXTRATERRESTRE&nbsp; de la Nueva Tierra y REGRESO DE JES\u00daS dadas a SIRAGUSA: FILIPPO BONGIOVANNI 14 &#8211; 03 &#8211; 2020<\/h5>\n\n\n\n<figure class=\"wp-block-embed is-type-video is-provider-youtube wp-block-embed-youtube wp-embed-aspect-16-9 wp-has-aspect-ratio\"><div class=\"wp-block-embed__wrapper\">\n<iframe loading=\"lazy\" title=\"PROFEC\u00cdA EXTRATERRESTRE de la Nueva Tierra y REGRESO DE JES\u00daS dadas a SIRAGUSA: FILIPPO BONGIOVANNI\" width=\"605\" height=\"340\" src=\"https:\/\/www.youtube.com\/embed\/U3HfPyomg00?feature=oembed\" frameborder=\"0\" allow=\"accelerometer; autoplay; clipboard-write; encrypted-media; gyroscope; picture-in-picture; web-share\" referrerpolicy=\"strict-origin-when-cross-origin\" allowfullscreen><\/iframe>\n<\/div><\/figure>\n\n\n\n<h5 class=\"wp-block-heading\">ITINERARIOS COSMICOS &#8211; EL CAMINO DE LA REVELACION 22 &#8211; 07 &#8211; 19<\/h5>\n\n\n\n<figure class=\"wp-block-embed is-type-video is-provider-youtube wp-block-embed-youtube wp-embed-aspect-16-9 wp-has-aspect-ratio\"><div class=\"wp-block-embed__wrapper\">\n<iframe loading=\"lazy\" title=\"Itinerarios Cosmicos El Camino de la Revelaci\u00f3n sub. spa. 22 - 07 - 19\" width=\"605\" height=\"340\" src=\"https:\/\/www.youtube.com\/embed\/1TA3ZRDJm4I?feature=oembed\" frameborder=\"0\" allow=\"accelerometer; autoplay; clipboard-write; encrypted-media; gyroscope; picture-in-picture; web-share\" referrerpolicy=\"strict-origin-when-cross-origin\" allowfullscreen><\/iframe>\n<\/div><\/figure>\n\n\n\n<h5 class=\"wp-block-heading\">MIDNIGHT ESPECIAL EP.103&nbsp;CON FILIPPO BONGIOVANNI LAS ULTIMAS GRANDES REVELACIONES 22-12- 18&nbsp;&nbsp;<\/h5>\n\n\n\n<figure class=\"wp-block-embed is-type-video is-provider-youtube wp-block-embed-youtube wp-embed-aspect-16-9 wp-has-aspect-ratio\"><div class=\"wp-block-embed__wrapper\">\n<iframe loading=\"lazy\" title=\"Ep. 103 Midnight Especial con Filippo Bongiovanni Las Ultimas Grandes Revelaci\u00f3nes 22-12 -18\" width=\"605\" height=\"340\" src=\"https:\/\/www.youtube.com\/embed\/A63YyR5pr4Q?feature=oembed\" frameborder=\"0\" allow=\"accelerometer; autoplay; clipboard-write; encrypted-media; gyroscope; picture-in-picture; web-share\" referrerpolicy=\"strict-origin-when-cross-origin\" allowfullscreen><\/iframe>\n<\/div><\/figure>\n\n\n\n<h5 class=\"wp-block-heading\">NUEVA CIVILIZACI\u00d3N ENCUENTRA FILIPPO BONGIOVANNI (SEPT. 2018)<\/h5>\n\n\n\n<p><iframe loading=\"lazy\" src=\"https:\/\/www.youtube.com\/embed\/RSmvssvYk54\" width=\"560\" height=\"315\" frameborder=\"0\" allowfullscreen=\"allowfullscreen\"><\/iframe><\/p>\n\n\n\n<h5 class=\"wp-block-heading\">MIDNIGHT SPECIAL EP.77 CON FILIPPO BONGIOVANNI &#8211; VUESTRAS PREGUNTAS<\/h5>\n\n\n\n<p><iframe loading=\"lazy\" src=\"https:\/\/www.youtube.com\/embed\/5pbThmhaWT4\" width=\"560\" height=\"315\" frameborder=\"0\" allowfullscreen=\"allowfullscreen\"><\/iframe><\/p>\n\n\n\n<h5 class=\"wp-block-heading\"><strong>MISTERY CHANEL EP. 76 EUGENIO SIRAGUSA LOS LUGARES DEL CONTACTO&nbsp;<\/strong><\/h5>\n\n\n\n<figure class=\"wp-block-embed is-type-video is-provider-youtube wp-block-embed-youtube wp-embed-aspect-16-9 wp-has-aspect-ratio\"><div class=\"wp-block-embed__wrapper\">\n<iframe loading=\"lazy\" title=\"Mistery Chanel Ep.76 Eugenio Siragusa, Los Lugares del Contacto\" width=\"605\" height=\"340\" src=\"https:\/\/www.youtube.com\/embed\/en4d_95-I_w?feature=oembed\" frameborder=\"0\" allow=\"accelerometer; autoplay; clipboard-write; encrypted-media; gyroscope; picture-in-picture; web-share\" referrerpolicy=\"strict-origin-when-cross-origin\" allowfullscreen><\/iframe>\n<\/div><\/figure>\n\n\n\n<h5 class=\"wp-block-heading\">CIERRE DEL CENTENARIO DE F\u00c1TIMA- FILIPPO BONGIOVANNI EN ESPA\u00d1OL&nbsp;16\/10\/2017<\/h5>\n\n\n\n<p><iframe loading=\"lazy\" src=\"https:\/\/www.youtube.com\/embed\/gOxZssxNOWw\" width=\"560\" height=\"315\" frameborder=\"0\" allowfullscreen=\"allowfullscreen\"><\/iframe><\/p>\n\n\n\n<h5 class=\"wp-block-heading\"><strong>INSISTIMOS&nbsp;<\/strong><\/h5>\n\n\n\n<p>Traducci\u00f3n al espa\u00f1ol del video directo de facebook realizado por FIlippo Bongiovanni en el mes de Agosto 2017.<br><iframe loading=\"lazy\" src=\"https:\/\/www.youtube.com\/embed\/3BFelYY5qUk\" width=\"560\" height=\"315\" frameborder=\"0\" allowfullscreen=\"allowfullscreen\"><\/iframe><\/p>\n\n\n\n<h5 class=\"title style-scope ytd-video-primary-info-renderer wp-block-heading\">CENTENARIO DE FATIMA<\/h5>\n\n\n\n<h5 class=\"title style-scope ytd-video-primary-info-renderer wp-block-heading\">TRADUCCI\u00d3N AL ESPA\u00d1OL DE TRANSMISI\u00d3N DE FILIPPO BONGIOVANNI 13 de Mayo de 2017<\/h5>\n\n\n\n<h5 class=\"title style-scope ytd-video-primary-info-renderer wp-block-heading\"><iframe loading=\"lazy\" src=\"https:\/\/www.youtube.com\/embed\/PeurTtC_sFA\" width=\"560\" height=\"315\" frameborder=\"0\" allowfullscreen=\"allowfullscreen\"><\/iframe><\/h5>\n\n\n\n<h5 class=\"yt watch-title-container wp-block-heading\"><strong><span id=\"eow-title\" class=\"watch-title long-title\" dir=\"ltr\" title=\"NUEVO VIDEO DE SOLEX MAL: UN NUEVO TIEMPO COMIENZA\">UN NUEVO TIEMPO COMIENZA<\/span><\/strong><\/h5>\n\n\n\n<p class=\"yt watch-title-container\"><iframe loading=\"lazy\" src=\"https:\/\/www.youtube.com\/embed\/kALPWPcA-kg?feature=player_detailpage\" width=\"505\" height=\"284\" frameborder=\"0\" allowfullscreen=\"allowfullscreen\" data-mce-fragment=\"1\"><\/iframe><\/p>\n\n\n\n<h5 class=\"yt watch-title-container wp-block-heading\"><strong><span id=\"eow-title\" class=\"watch-title \" dir=\"ltr\" title=\"UN NUEVO TIEMPO COMIENZA ULTIMA PARTE\">UN NUEVO TIEMPO COMIENZA, ULTIMA PARTE.<\/span><\/strong><\/h5>\n\n\n\n<p><iframe loading=\"lazy\" src=\"https:\/\/www.youtube.com\/embed\/k6IXrLXSBL0?feature=player_detailpage\" width=\"505\" height=\"284\" frameborder=\"0\" allowfullscreen=\"allowfullscreen\" data-mce-fragment=\"1\"><\/iframe><\/p>\n\n\n\n<h5 class=\"wp-block-heading\"><strong>SOLEX MAL&nbsp;ARGENTINA EN PROGRAMA \u00abDEJ\u00c1 FLUIR\u00bb CON PATRICIA MIR<\/strong><br><iframe loading=\"lazy\" src=\"\/\/www.youtube.com\/embed\/vycavrmtP8Y\" width=\"560\" height=\"315\" frameborder=\"0\" allowfullscreen=\"allowfullscreen\" data-mce-fragment=\"1\"><\/iframe><\/h5>\n\n\n\n<p><strong><iframe loading=\"lazy\" src=\"\/\/www.youtube.com\/embed\/QsGCA21Bm9E\" width=\"560\" height=\"315\" frameborder=\"0\" allowfullscreen=\"allowfullscreen\" data-mce-fragment=\"1\"><\/iframe><\/strong><\/p>\n","protected":false},"excerpt":{"rendered":"<p>La Revelaci\u00f3n Mesi\u00e1nica Extraterrestre n.5 , Poner La Cosas en su Justo lugar RadioLatitud 34 -11 08 2022 La Revelaci\u00f3n Mesi\u00e1nica Extraterrestre n.4 , Poner La Cosas en su Justo lugar RadioLatitud 34 -04 08 2022 La Revelaci\u00f3n Mesi\u00e1nica Extraterrestre &hellip;<\/p>\n<p class=\"read-more\"> <a class=\"more-link\" href=\"https:\/\/pesolex.com\/es\/eventos-centro-estudios-eugenio-siragusa\/\"> <span class=\"screen-reader-text\">Eventos Centro Estudios Eug. Sirag.<\/span> Leer m\u00e1s \u00bb<\/a><\/p>\n","protected":false},"author":3,"featured_media":0,"parent":0,"menu_order":0,"comment_status":"closed","ping_status":"closed","template":"sidebar-content-page.php","meta":{"_monsterinsights_skip_tracking":false,"_monsterinsights_sitenote_active":false,"_monsterinsights_sitenote_note":"","_monsterinsights_sitenote_category":0,"footnotes":""},"class_list":["post-5601","page","type-page","status-publish","hentry"],"_links":{"self":[{"href":"https:\/\/pesolex.com\/es\/wp-json\/wp\/v2\/pages\/5601","targetHints":{"allow":["GET"]}}],"collection":[{"href":"https:\/\/pesolex.com\/es\/wp-json\/wp\/v2\/pages"}],"about":[{"href":"https:\/\/pesolex.com\/es\/wp-json\/wp\/v2\/types\/page"}],"author":[{"embeddable":true,"href":"https:\/\/pesolex.com\/es\/wp-json\/wp\/v2\/users\/3"}],"replies":[{"embeddable":true,"href":"https:\/\/pesolex.com\/es\/wp-json\/wp\/v2\/comments?post=5601"}],"version-history":[{"count":37,"href":"https:\/\/pesolex.com\/es\/wp-json\/wp\/v2\/pages\/5601\/revisions"}],"predecessor-version":[{"id":7800,"href":"https:\/\/pesolex.com\/es\/wp-json\/wp\/v2\/pages\/5601\/revisions\/7800"}],"wp:attachment":[{"href":"https:\/\/pesolex.com\/es\/wp-json\/wp\/v2\/media?parent=5601"}],"curies":[{"name":"wp","href":"https:\/\/api.w.org\/{rel}","templated":true}]}}