{"id":59,"date":"2014-02-20T19:17:27","date_gmt":"2014-02-20T19:17:27","guid":{"rendered":"https:\/\/pesolex.com\/es\/?page_id=59"},"modified":"2020-03-21T01:57:16","modified_gmt":"2020-03-21T01:57:16","slug":"mensajes-de-fatima-y-la-salette","status":"publish","type":"page","link":"https:\/\/pesolex.com\/es\/mensajes-a-la-humanidad\/mensajes-de-fatima-y-la-salette\/","title":{"rendered":"Mensajes de F\u00e1tima y La Salette"},"content":{"rendered":"<!-- Simple Share Buttons Adder (8.5.4) simplesharebuttons.com --><div class=\"ssba-classic-2 ssba ssbp-wrap alignleft ssbp--theme-1\"><div style=\"text-align:left\"><span class=\"ssba-share-text\">Share this...<\/span><br\/><a data-site=\"facebook\" class=\"ssba_facebook_share ssba_share_link\" href=\"https:\/\/www.facebook.com\/sharer.php?t=Mensajes de F\u00e1tima y La Salette&u=https:\/\/pesolex.com\/es\/wp-json\/wp\/v2\/pages\/59\"  target=_blank  style=\"color:; background-color: ; height: 48px; width: 48px; \" ><img decoding=\"async\" src=\"https:\/\/pesolex.com\/es\/wp-content\/plugins\/simple-share-buttons-adder\/buttons\/somacro\/facebook.png\" style=\"width: 35px;\" title=\"facebook\" class=\"ssba ssba-img\" alt=\"Share on facebook\" \/><div title=\"Facebook\" class=\"ssbp-text\">Facebook<\/div><\/a><a data-site=\"pinterest\" class=\"ssba_pinterest_share ssba_share_link\" href=\"https:\/\/pinterest.com\/pin\/create\/button\/?description=Mensajes de F\u00e1tima y La Salette&media=&url=https:\/\/pesolex.com\/es\/wp-json\/wp\/v2\/pages\/59\"  target=_blank  style=\"color:; background-color: ; height: 48px; width: 48px; \" ><img decoding=\"async\" src=\"https:\/\/pesolex.com\/es\/wp-content\/plugins\/simple-share-buttons-adder\/buttons\/somacro\/pinterest.png\" style=\"width: 35px;\" title=\"pinterest\" class=\"ssba ssba-img\" alt=\"Share on pinterest\" \/><div title=\"Pinterest\" class=\"ssbp-text\">Pinterest<\/div><\/a><a data-site=\"twitter\" class=\"ssba_twitter_share ssba_share_link\" href=\"https:\/\/twitter.com\/intent\/tweet?text=Mensajes de F\u00e1tima y La Salette&url=https:\/\/pesolex.com\/es\/wp-json\/wp\/v2\/pages\/59&via=\"  target=_blank  style=\"color:; background-color: ; height: 48px; width: 48px; \" ><img decoding=\"async\" src=\"https:\/\/pesolex.com\/es\/wp-content\/plugins\/simple-share-buttons-adder\/buttons\/somacro\/twitter.png\" style=\"width: 35px;\" title=\"twitter\" class=\"ssba ssba-img\" alt=\"Share on twitter\" \/><div title=\"Twitter\" class=\"ssbp-text\">Twitter<\/div><\/a><a data-site=\"linkedin\" class=\"ssba_linkedin_share ssba_share_link\" href=\"https:\/\/www.linkedin.com\/shareArticle?title=Mensajes de F\u00e1tima y La Salette&url=https:\/\/pesolex.com\/es\/wp-json\/wp\/v2\/pages\/59\"  target=_blank  style=\"color:; background-color: ; height: 48px; width: 48px; \" ><img decoding=\"async\" src=\"https:\/\/pesolex.com\/es\/wp-content\/plugins\/simple-share-buttons-adder\/buttons\/somacro\/linkedin.png\" style=\"width: 35px;\" title=\"linkedin\" class=\"ssba ssba-img\" alt=\"Share on linkedin\" \/><div title=\"Linkedin\" class=\"ssbp-text\">Linkedin<\/div><\/a><\/div><\/div>\n<p>&nbsp;<\/p>\n<p>&nbsp;<\/p>\n<p>&nbsp;<\/p>\n<h2>FATIMA 1917<br \/>\nLa Virgen a Lucia do Santos, en presencia di Francisco y Jacinta*<\/h2>\n<p>*\u00a0En la lectura del mensaje de F\u00e1tima, cuando la Virgen habla de la Segunda Mitad del Siglo XX, se refiere a estos tiempos. Dado los cambios en los calendarios a lo largo de la historia, estar\u00edamos hablando de 1976-2026 cuando se refiere a la segunda mitad del Siglo XX.<\/p>\n<p><iframe loading=\"lazy\" src=\"http:\/\/www.ivoox.com\/player_ej_3148267_2_1.html?data=lJahmpeae46ZmKiakpqJd6KpmZKSmaiRdo6ZmKiakpKJe6ShkZKSmaiRd4a3k4qvkpDdb5WZpJeSpJWPt8bX08rh0ZDIqYy6hqigh6aVuMrhwpKSmaiRl9Dgxt2Yr8bQb7Tpxcbah6iXaaKt087Qw5KJe6ShlQ%3D%3D&amp;\" width=\"100%\" height=\"120\" frameborder=\"0\" scrolling=\"no\" allowfullscreen=\"allowfullscreen\"><\/iframe><\/p>\n<p>\u201cNo tengas temor, querida peque\u00f1a. Soy la Madre de Dios, que te habla y te pide hagas p\u00fablico el presente Mensaje para el mundo entero. Haciendo esto, encontrar\u00e1s fuertes resistencias. Escucha bien y pon atenci\u00f3n a esto que te digo:<br \/>\nLos hombres deben corregirse. Con humildes suplicas, deben pedir perd\u00f3n por los pecados cometidos y que pudiesen cometer. Tu deseas que Yo d\u00e9 una se\u00f1al, para que cada uno acepte Mis Palabras que Yo digo por mediaci\u00f3n tuya, al g\u00e9nero humano. Has visto el Prodigio del Sol, y todos, creyentes, incr\u00e9dulos, aldeanos, ciudadanos, sabios, periodistas, laicos, sacerdotes, todos lo han visto. Y ahora proclama en Mi Nombre:<br \/>\nUn gran castigo caer\u00e1 sobre todo el g\u00e9nero humano, no hoy, ni ma\u00f1ana, sino en la segunda mitad del Siglo XX. Ya lo hab\u00eda revelado a los ni\u00f1os Melania y Massimino, en \u201cLa Salette\u201d, y hoy lo repito a ti, porque el g\u00e9nero humano ha pecado y pisoteado el Don que hab\u00eda hecho. En ning\u00fan lugar del mundo hay orden, y satan\u00e1s reina sobre los m\u00e1s altos puestos, determinando la marcha de las cosas. El, efectivamente, lograr\u00e1 introducirse hasta la cumbre de la Iglesia; \u00e9l lograr\u00e1 seducir los esp\u00edritus de los grandes cient\u00edficos que inventan las armas, con las cuales ser\u00e1 posible destruir en pocos minutos gran parte de la humanidad. Tendr\u00e1 en poder a los potentes que gobiernan los pueblos, y los incitar\u00e1 a fabricar enormes cantidades de estas armas. Y si la humanidad no se opusiese a esto, estar\u00e9 obligada a dejar libre el brazo de Mi Hijo. Entonces se ver\u00e1 que Dios castigar\u00e1 a los hombres con mayor severidad como no hab\u00eda hecho con el diluvio.<br \/>\nLlegar\u00e1 el tiempo de los tiempos y el fin de los fines, si la humanidad no se convierte y si todo deber\u00eda continuar como ahora, o peor, debiera agravarse mucho m\u00e1s, los grandes y los potentes perecer\u00e1n junto a los peque\u00f1os y los d\u00e9biles.<\/p>\n<p>Tambi\u00e9n para la Iglesia, llegar\u00e1 al tiempo de Sus m\u00e1s grandes pruebas. Cardenales se opondr\u00e1n a Cardenales, los Obispos a Obispos. Satan\u00e1s caminar\u00e1 por entremedio de Sus filas, y en Roma habr\u00e1 cambios. Lo que est\u00e1 podrido caer\u00e1, y lo que caer\u00e1, ya no se levantar\u00e1 m\u00e1s. La Iglesia ser\u00e1 ofuscada y el mundo trastornado por el terror. Tiempo llegar\u00e1, en que ning\u00fan Rey, Emperador, Cardenal u Obispo, esperar\u00e1 a Aquel que sin embargo vendr\u00e1, pero para castigar seg\u00fan los designios del Padre m\u00edo.<\/p>\n<p>Una gran guerra se desencadenar\u00e1 en la segunda mitad del Siglo XX. Fuego y humo caer\u00e1n del Cielo, las aguas de los oc\u00e9anos se volver\u00e1n vapores y la espuma se elevar\u00e1 revolviendo y hundiendo todo. Millones y millones de hombres perecer\u00e1n de hora en hora, aquellos que queden en vida, envidiar\u00e1n a los muertos. Por cualquier sitio por donde se dirija la mirada, habr\u00e1 angustia, miseria, ruinas en todos los pa\u00edses. \u00bfVes? el tiempo se acerca siempre m\u00e1s y el abismo se engrandece sin esperanza. Los buenos perecer\u00e1n junto a los malos, los grandes con los peque\u00f1os, los pr\u00edncipes de la Iglesia con sus fieles y los gobernantes con sus pueblos. Habr\u00e1 muerte por todas partes por causa de los errores cometidos por los insensatos y por los partidarios de satan\u00e1s el cu\u00e1l entonces, y s\u00f3lo entonces, reinar\u00e1 sobre el mundo, por \u00faltimo, cuando aquellos que sobrevivir\u00e1n a todo evento, est\u00e9n a\u00fan con vida, proclamar\u00e1n nuevamente a Dios y a Su Gloria y Le servir\u00e1 como en un tiempo, cuando el mundo no era as\u00ed de pervertido.<br \/>\nVe, peque\u00f1a m\u00eda, y procl\u00e1malo. Yo a tal fin, estar\u00e9 siempre a tu lado para ayudarte\u201d<\/p>\n<p>&nbsp;<\/p>\n<h2>LA SALETTE 1846<br \/>\nLa Virgen Miriam a los ni\u00f1os Melania y Massimino<\/h2>\n<p>\u00abSi mi pueblo no quiere someterse, estar\u00e9 obligada a dejar libre la mano de mi Hijo&#8230; Si lo recogido se echa a perder, la culpa es s\u00f3lo vuestra&#8230; Habr\u00e1 grandes penurias. Antes de que el hambre llegue, los ni\u00f1os de menos de siete a\u00f1os ser\u00e1n presa de temblores y morir\u00e1n en los brazos de quienes los tendr\u00e1n&#8230; Los curas, ministros de mi Hijo, por su vida malvada, crucifican nuevamente a mi Hijo&#8230; Dios est\u00e1 a punto de castigar de forma ejemplar. \u00a1Ay de los habitantes de la Tierra! Dios se descargar\u00e1 de Su C\u00f3lera y nadie podr\u00e1 sustraerse a tantos males reunidos&#8230; Dios permitir\u00e1 a la antigua serpiente imponer la divisi\u00f3n entre los reinantes. Toda la sociedad y toda las familias sufrir\u00e1n penas f\u00edsicas y morales. Dios abandonar\u00e1 a s\u00ed mismos a los hombres y enviar\u00e1 castigos&#8230; La sociedad se encuentra en vigilia de terribles flagelos&#8230; En el a\u00f1o 1864 Lucifer ser\u00e1 liberado de sus ataduras ed el infierno junto a un gran n\u00famero de demonios y \u00e9stos abolir\u00e1n la fe, incluso en las personas consagradas a Dios&#8230;<br \/>\nTodo se creer\u00e1 perdido y no se ver\u00e1n m\u00e1s que homicidios; no se sentir\u00e1n m\u00e1s que rumores de armas y blasfemias. Los justos sufrir\u00e1n mucho. La Tierra ser\u00e1 golpeada por todo tipo de plagas; habr\u00e1 guerras, hasta que vendr\u00e1 la \u00faltima que ser\u00e1 deseada por los diez Reyes del Anticristo (N.d.R. las diez mayores potencias mundiales: USA, URSS, Jap\u00f3n, Italia, Francia, Gran Breta\u00f1a, Canad\u00e1, Alemania, China). Estos Reyes tendr\u00e1n todos un mismo fin y ser\u00e1n los \u00fanicos que gobernar\u00e1n el mundo&#8230; Antes de que esto ocurra, habr\u00e1 una falsa paz, no se pensar\u00e1 m\u00e1s que en divertirse&#8230; La naturaleza reclama venganza contra los hombres y tiembla de espanto por lo que deber\u00e1 acaecer en la Tierra. \u00a1Tiembla Tierra! Y temblad vosotros que profes\u00e1is servir a Jes\u00fa-Cristo.<br \/>\n&#8230;Ser\u00e1 en ese tiempo cuando nacer\u00e1 el Anticristo&#8230; Las estaciones cambiar\u00e1n, la tierra no producir\u00e1 m\u00e1s que frutos amargos; los astros cambiar\u00e1n su movimiento regular, la Luna no reflejar\u00e1 m\u00e1s que una p\u00e1lida luz ros\u00e1cea. El agua y el fuego provocar\u00e1n un movimiento convulsivo a la Tierra y horribles terremotos lo destruir\u00e1n todo&#8230; Roma perder\u00e1 la fe y se convertir\u00e1 en el asiento del Anticristo&#8230; Dios cuidar\u00e1 a Sus servidores y a los hombres de buena voluntad; llamar\u00e1 a los ap\u00f3stoles de los \u00faltimos tiempos y a los fieles disc\u00edpulos de Jes\u00fa-Cristo que han vivido en el desprecio del mundo y de s\u00ed mismos&#8230; Es tiempo de que salgan a llevar claridad a la Tierra. Id y mostraros como mis hijos dilectos. \u00a1Combatid, hijos de la Luz, vosotros, peque\u00f1o n\u00facleo que ve! He aqu\u00ed que llega el tiempo de los tiempos y el fin de todo&#8230;<br \/>\nPero he aqu\u00ed que Enoch y El\u00edas, llenos del Esp\u00edritu de Dios, predicar\u00e1n con el Esp\u00edritu de Dios, y muchos hombres de buena voluntad creer\u00e1n en El y ser\u00e1n consolados. Ellos condenar\u00e1n los errores diab\u00f3licos del Anticristo. \u00a1Ay de los habitantes de la Tierra! Habr\u00e1 guerras sangrientas, hambre, peste y enfermedades contagiosas. Habr\u00e1 lluvias y tempestades espantosas&#8230; terremotos que engullir\u00e1n a las naciones. La sangre correr\u00e1 por doquier&#8230;<br \/>\nEnoch y Eli\u00e1s ser\u00e1n asesinados&#8230; La Roma pagana desaparecer\u00e1, el fuego caer\u00e1 del Cielo sobre tres ciudades&#8230; Toda la Tierra ser\u00e1 sacudida por el terror&#8230; El Sol se oscurecer\u00e1&#8230; He aqu\u00ed la bestia con sus secuaces que se elevar\u00e1 con orgullo en el aire para ir hasta el Cielo. Pero ser\u00e1 sofocada por el soplo de Miguel Arc\u00e1ngel&#8230; El Rey de las tinieblas caer\u00e1&#8230; y entonces, el agua y el fuego purificar\u00e1n la Tierra&#8230; Todo ser\u00e1 renovado&#8230; Hijos m\u00edos, vosotros har\u00e9is conocer esto a todo mi pueblo\u00bb.<\/p>\n<p><a href=\"https:\/\/pesolex.com\/es\/wp-content\/uploads\/2014\/07\/fatima.jpeg\"><img loading=\"lazy\" decoding=\"async\" class=\"aligncenter size-full wp-image-413\" src=\"https:\/\/pesolex.com\/es\/wp-content\/uploads\/2014\/07\/fatima.jpeg\" alt=\"fatima\" width=\"186\" height=\"271\" srcset=\"https:\/\/pesolex.com\/es\/wp-content\/uploads\/2014\/07\/fatima.jpeg 186w, https:\/\/pesolex.com\/es\/wp-content\/uploads\/2014\/07\/fatima-100x145.jpeg 100w, https:\/\/pesolex.com\/es\/wp-content\/uploads\/2014\/07\/fatima-150x218.jpeg 150w\" sizes=\"auto, (max-width: 186px) 100vw, 186px\" \/><\/a><\/p>\n","protected":false},"excerpt":{"rendered":"<p>&nbsp; &nbsp; &nbsp; FATIMA 1917 La Virgen a Lucia do Santos, en presencia di Francisco y Jacinta* *\u00a0En la lectura del mensaje de F\u00e1tima, cuando la Virgen habla de la Segunda Mitad del Siglo XX, se refiere a estos tiempos. &hellip;<\/p>\n<p class=\"read-more\"> <a class=\"more-link\" href=\"https:\/\/pesolex.com\/es\/mensajes-a-la-humanidad\/mensajes-de-fatima-y-la-salette\/\"> <span class=\"screen-reader-text\">Mensajes de F\u00e1tima y La Salette<\/span> Leer m\u00e1s \u00bb<\/a><\/p>\n","protected":false},"author":2,"featured_media":0,"parent":17,"menu_order":0,"comment_status":"closed","ping_status":"closed","template":"sidebar-content-page.php","meta":{"_monsterinsights_skip_tracking":false,"_monsterinsights_sitenote_active":false,"_monsterinsights_sitenote_note":"","_monsterinsights_sitenote_category":0,"footnotes":""},"class_list":["post-59","page","type-page","status-publish","hentry"],"_links":{"self":[{"href":"https:\/\/pesolex.com\/es\/wp-json\/wp\/v2\/pages\/59","targetHints":{"allow":["GET"]}}],"collection":[{"href":"https:\/\/pesolex.com\/es\/wp-json\/wp\/v2\/pages"}],"about":[{"href":"https:\/\/pesolex.com\/es\/wp-json\/wp\/v2\/types\/page"}],"author":[{"embeddable":true,"href":"https:\/\/pesolex.com\/es\/wp-json\/wp\/v2\/users\/2"}],"replies":[{"embeddable":true,"href":"https:\/\/pesolex.com\/es\/wp-json\/wp\/v2\/comments?post=59"}],"version-history":[{"count":14,"href":"https:\/\/pesolex.com\/es\/wp-json\/wp\/v2\/pages\/59\/revisions"}],"predecessor-version":[{"id":6222,"href":"https:\/\/pesolex.com\/es\/wp-json\/wp\/v2\/pages\/59\/revisions\/6222"}],"up":[{"embeddable":true,"href":"https:\/\/pesolex.com\/es\/wp-json\/wp\/v2\/pages\/17"}],"wp:attachment":[{"href":"https:\/\/pesolex.com\/es\/wp-json\/wp\/v2\/media?parent=59"}],"curies":[{"name":"wp","href":"https:\/\/api.w.org\/{rel}","templated":true}]}}