{"id":6171,"date":"2020-03-20T22:30:07","date_gmt":"2020-03-20T22:30:07","guid":{"rendered":"https:\/\/pesolex.com\/es\/?page_id=6171"},"modified":"2020-03-21T05:43:19","modified_gmt":"2020-03-21T05:43:19","slug":"el-iii-secreto-de-fatima","status":"publish","type":"page","link":"https:\/\/pesolex.com\/es\/el-iii-secreto-de-fatima\/","title":{"rendered":"El III\u00b0 Secreto de Fatima"},"content":{"rendered":"<p>&nbsp;<\/p>\n<ul>\n<li>\n<h5><a href=\"https:\/\/pesolex.com\/es\/wp-content\/uploads\/2020\/03\/1-26-09-91-Caracteristicas-Somaticas.jpg\" target=\"_blank\" rel=\"noopener noreferrer\">Caracteristicas del antepasado del hombre y Tercer Mensaje de F\u00e0tima &#8211; 26 de Septi embre de 1991<\/a><\/h5>\n<\/li>\n<li>\n<h5><a href=\"https:\/\/pesolex.com\/es\/wp-content\/uploads\/2020\/03\/2-27-09-1991-El-Mensaje-de-Fatima-Ocultado.jpg\" target=\"_blank\" rel=\"noopener noreferrer\">El Mensaje de F\u00e0tima ocultado voluntariamente &#8211; 27 de Septiembre de 1991<\/a><\/h5>\n<\/li>\n<li>\n<h5><a href=\"https:\/\/pesolex.com\/es\/wp-content\/uploads\/2020\/03\/3-30-04-93-El-Enga\u00f1o-es-peor-que-la-Traici\u00f3n.jpg\" target=\"_blank\" rel=\"noopener noreferrer\">El enga\u00f1o es peor que la traici\u00f3n &#8211; 30 de Abril de 1993<\/a><\/h5>\n<\/li>\n<li>\n<h5><a href=\"https:\/\/pesolex.com\/es\/wp-content\/uploads\/2020\/03\/4-30-05-93-Los-Vivos-envidiar\u00e1n-a-los-muertos.jpg\" target=\"_blank\" rel=\"noopener noreferrer\">Los vivos envidiar\u00e0n a los muertos &#8211; 30 de Mayo de 1993<\/a><\/h5>\n<\/li>\n<\/ul>\n","protected":false},"excerpt":{"rendered":"<p>&nbsp; Caracteristicas del antepasado del hombre y Tercer Mensaje de F\u00e0tima &#8211; 26 de Septi embre de 1991 El Mensaje de F\u00e0tima ocultado voluntariamente &#8211; 27 de Septiembre de 1991 El enga\u00f1o es peor que la traici\u00f3n &#8211; 30 de &hellip;<\/p>\n<p class=\"read-more\"> <a class=\"more-link\" href=\"https:\/\/pesolex.com\/es\/el-iii-secreto-de-fatima\/\"> <span class=\"screen-reader-text\">El III\u00b0 Secreto de Fatima<\/span> Leer m\u00e1s \u00bb<\/a><\/p>\n","protected":false},"author":3,"featured_media":0,"parent":0,"menu_order":0,"comment_status":"closed","ping_status":"closed","template":"","meta":{"_monsterinsights_skip_tracking":false,"_monsterinsights_sitenote_active":false,"_monsterinsights_sitenote_note":"","_monsterinsights_sitenote_category":0,"footnotes":""},"class_list":["post-6171","page","type-page","status-publish","hentry"],"_links":{"self":[{"href":"https:\/\/pesolex.com\/es\/wp-json\/wp\/v2\/pages\/6171","targetHints":{"allow":["GET"]}}],"collection":[{"href":"https:\/\/pesolex.com\/es\/wp-json\/wp\/v2\/pages"}],"about":[{"href":"https:\/\/pesolex.com\/es\/wp-json\/wp\/v2\/types\/page"}],"author":[{"embeddable":true,"href":"https:\/\/pesolex.com\/es\/wp-json\/wp\/v2\/users\/3"}],"replies":[{"embeddable":true,"href":"https:\/\/pesolex.com\/es\/wp-json\/wp\/v2\/comments?post=6171"}],"version-history":[{"count":6,"href":"https:\/\/pesolex.com\/es\/wp-json\/wp\/v2\/pages\/6171\/revisions"}],"predecessor-version":[{"id":6244,"href":"https:\/\/pesolex.com\/es\/wp-json\/wp\/v2\/pages\/6171\/revisions\/6244"}],"wp:attachment":[{"href":"https:\/\/pesolex.com\/es\/wp-json\/wp\/v2\/media?parent=6171"}],"curies":[{"name":"wp","href":"https:\/\/api.w.org\/{rel}","templated":true}]}}