{"id":6173,"date":"2020-03-20T22:34:51","date_gmt":"2020-03-20T22:34:51","guid":{"rendered":"https:\/\/pesolex.com\/es\/?page_id=6173"},"modified":"2020-03-21T05:45:15","modified_gmt":"2020-03-21T05:45:15","slug":"apocalipsis-revelacion","status":"publish","type":"page","link":"https:\/\/pesolex.com\/es\/apocalipsis-revelacion\/","title":{"rendered":"Apocalipsis (Revelaci\u00f3n)"},"content":{"rendered":"<p>&nbsp;<\/p>\n<ul>\n<li>\n<h5>Discos voladores: una revelaci\u00f3n puramente mesianica &#8211; 25 de Febrero de 1972<\/h5>\n<\/li>\n<li>\n<h5><a href=\"https:\/\/pesolex.com\/es\/wp-content\/uploads\/2020\/03\/2-06-04-73-Que-se-debe-intender-por-Fin-del-Mundo.jpg\" target=\"_blank\" rel=\"noopener noreferrer\">Que se debe entender por \u00abfin del mundo\u00bb &#8211; 6 de Abril de 1973<\/a><\/h5>\n<\/li>\n<li>\n<h5><a href=\"https:\/\/pesolex.com\/es\/wp-content\/uploads\/2020\/03\/3-23-08-1989-El-Apocalipsis-golpea-las-Puertas.jpg\" target=\"_blank\" rel=\"noopener noreferrer\">El Apocal\u00ecpsis golpea las puertas &#8211; 23 de Agosto de 1989<\/a><\/h5>\n<\/li>\n<li>\n<h5><a href=\"https:\/\/pesolex.com\/es\/wp-content\/uploads\/2020\/03\/4-21-07-91-El-Apocalipsis-de-Juan-Ya-esta-Aqu\u00ed.jpg\" target=\"_blank\" rel=\"noopener noreferrer\">El Apocal\u00ecpsis de Juan&#8230;? Ya est\u00e0 aqu\u00ec! &#8211; 21 de Julio de 1994<\/a><\/h5>\n<\/li>\n<\/ul>\n","protected":false},"excerpt":{"rendered":"<p>&nbsp; Discos voladores: una revelaci\u00f3n puramente mesianica &#8211; 25 de Febrero de 1972 Que se debe entender por \u00abfin del mundo\u00bb &#8211; 6 de Abril de 1973 El Apocal\u00ecpsis golpea las puertas &#8211; 23 de Agosto de 1989 El Apocal\u00ecpsis &hellip;<\/p>\n<p class=\"read-more\"> <a class=\"more-link\" href=\"https:\/\/pesolex.com\/es\/apocalipsis-revelacion\/\"> <span class=\"screen-reader-text\">Apocalipsis (Revelaci\u00f3n)<\/span> Leer m\u00e1s \u00bb<\/a><\/p>\n","protected":false},"author":3,"featured_media":0,"parent":0,"menu_order":0,"comment_status":"closed","ping_status":"closed","template":"","meta":{"_monsterinsights_skip_tracking":false,"_monsterinsights_sitenote_active":false,"_monsterinsights_sitenote_note":"","_monsterinsights_sitenote_category":0,"footnotes":""},"class_list":["post-6173","page","type-page","status-publish","hentry"],"_links":{"self":[{"href":"https:\/\/pesolex.com\/es\/wp-json\/wp\/v2\/pages\/6173","targetHints":{"allow":["GET"]}}],"collection":[{"href":"https:\/\/pesolex.com\/es\/wp-json\/wp\/v2\/pages"}],"about":[{"href":"https:\/\/pesolex.com\/es\/wp-json\/wp\/v2\/types\/page"}],"author":[{"embeddable":true,"href":"https:\/\/pesolex.com\/es\/wp-json\/wp\/v2\/users\/3"}],"replies":[{"embeddable":true,"href":"https:\/\/pesolex.com\/es\/wp-json\/wp\/v2\/comments?post=6173"}],"version-history":[{"count":4,"href":"https:\/\/pesolex.com\/es\/wp-json\/wp\/v2\/pages\/6173\/revisions"}],"predecessor-version":[{"id":6249,"href":"https:\/\/pesolex.com\/es\/wp-json\/wp\/v2\/pages\/6173\/revisions\/6249"}],"wp:attachment":[{"href":"https:\/\/pesolex.com\/es\/wp-json\/wp\/v2\/media?parent=6173"}],"curies":[{"name":"wp","href":"https:\/\/api.w.org\/{rel}","templated":true}]}}