{"id":6270,"date":"2020-03-23T04:38:04","date_gmt":"2020-03-23T04:38:04","guid":{"rendered":"https:\/\/pesolex.com\/es\/?page_id=6270"},"modified":"2020-03-23T05:08:56","modified_gmt":"2020-03-23T05:08:56","slug":"coleccion-completa","status":"publish","type":"page","link":"https:\/\/pesolex.com\/es\/coleccion-completa\/","title":{"rendered":"Colecci\u00f3n Completa"},"content":{"rendered":"<!-- Simple Share Buttons Adder (8.5.4) simplesharebuttons.com --><div class=\"ssba-classic-2 ssba ssbp-wrap alignleft ssbp--theme-1\"><div style=\"text-align:left\"><span class=\"ssba-share-text\">Share this...<\/span><br\/><a data-site=\"facebook\" class=\"ssba_facebook_share ssba_share_link\" href=\"https:\/\/www.facebook.com\/sharer.php?t=Colecci\u00f3n Completa&u=https:\/\/pesolex.com\/es\/wp-json\/wp\/v2\/pages\/6270\"  target=_blank  style=\"color:; background-color: ; height: 48px; width: 48px; \" ><img decoding=\"async\" src=\"https:\/\/pesolex.com\/es\/wp-content\/plugins\/simple-share-buttons-adder\/buttons\/somacro\/facebook.png\" style=\"width: 35px;\" title=\"facebook\" class=\"ssba ssba-img\" alt=\"Share on facebook\" \/><div title=\"Facebook\" class=\"ssbp-text\">Facebook<\/div><\/a><a data-site=\"pinterest\" class=\"ssba_pinterest_share ssba_share_link\" href=\"https:\/\/pinterest.com\/pin\/create\/button\/?description=Colecci\u00f3n Completa&media=&url=https:\/\/pesolex.com\/es\/wp-json\/wp\/v2\/pages\/6270\"  target=_blank  style=\"color:; background-color: ; height: 48px; width: 48px; \" ><img decoding=\"async\" src=\"https:\/\/pesolex.com\/es\/wp-content\/plugins\/simple-share-buttons-adder\/buttons\/somacro\/pinterest.png\" style=\"width: 35px;\" title=\"pinterest\" class=\"ssba ssba-img\" alt=\"Share on pinterest\" \/><div title=\"Pinterest\" class=\"ssbp-text\">Pinterest<\/div><\/a><a data-site=\"twitter\" class=\"ssba_twitter_share ssba_share_link\" href=\"https:\/\/twitter.com\/intent\/tweet?text=Colecci\u00f3n Completa&url=https:\/\/pesolex.com\/es\/wp-json\/wp\/v2\/pages\/6270&via=\"  target=_blank  style=\"color:; background-color: ; height: 48px; width: 48px; \" ><img decoding=\"async\" src=\"https:\/\/pesolex.com\/es\/wp-content\/plugins\/simple-share-buttons-adder\/buttons\/somacro\/twitter.png\" style=\"width: 35px;\" title=\"twitter\" class=\"ssba ssba-img\" alt=\"Share on twitter\" \/><div title=\"Twitter\" class=\"ssbp-text\">Twitter<\/div><\/a><a data-site=\"linkedin\" class=\"ssba_linkedin_share ssba_share_link\" href=\"https:\/\/www.linkedin.com\/shareArticle?title=Colecci\u00f3n Completa&url=https:\/\/pesolex.com\/es\/wp-json\/wp\/v2\/pages\/6270\"  target=_blank  style=\"color:; background-color: ; height: 48px; width: 48px; \" ><img decoding=\"async\" src=\"https:\/\/pesolex.com\/es\/wp-content\/plugins\/simple-share-buttons-adder\/buttons\/somacro\/linkedin.png\" style=\"width: 35px;\" title=\"linkedin\" class=\"ssba ssba-img\" alt=\"Share on linkedin\" \/><div title=\"Linkedin\" class=\"ssbp-text\">Linkedin<\/div><\/a><\/div><\/div>\n<p>&nbsp;<\/p>\n<p>&nbsp;<\/p>\n<p>&nbsp;<\/p>\n<p><img loading=\"lazy\" decoding=\"async\" class=\"aligncenter size-full wp-image-6271\" src=\"https:\/\/pesolex.com\/es\/wp-content\/uploads\/2020\/03\/Eugenio-Siragusa-Armonia-Universal-SPA.jpg\" alt=\"\" width=\"567\" height=\"553\" srcset=\"https:\/\/pesolex.com\/es\/wp-content\/uploads\/2020\/03\/Eugenio-Siragusa-Armonia-Universal-SPA.jpg 567w, https:\/\/pesolex.com\/es\/wp-content\/uploads\/2020\/03\/Eugenio-Siragusa-Armonia-Universal-SPA-300x293.jpg 300w, https:\/\/pesolex.com\/es\/wp-content\/uploads\/2020\/03\/Eugenio-Siragusa-Armonia-Universal-SPA-100x98.jpg 100w, https:\/\/pesolex.com\/es\/wp-content\/uploads\/2020\/03\/Eugenio-Siragusa-Armonia-Universal-SPA-150x146.jpg 150w, https:\/\/pesolex.com\/es\/wp-content\/uploads\/2020\/03\/Eugenio-Siragusa-Armonia-Universal-SPA-200x195.jpg 200w, https:\/\/pesolex.com\/es\/wp-content\/uploads\/2020\/03\/Eugenio-Siragusa-Armonia-Universal-SPA-450x439.jpg 450w\" sizes=\"auto, (max-width: 567px) 100vw, 567px\" \/><\/p>\n<p>&nbsp;<\/p>\n<p>Las\u00a0pistas musicales propuestas, como las lecturas, son parte del patrimonio musical y literario de Eugenio Siragusa.<br \/>\nLa m\u00fasica compuesta con notas musicales penetra en la profundidad del alma y vigoriza el esp\u00edritu haci\u00e9ndolo armonioso y en simbiosis con los elementos de la creaci\u00f3n&#8230;\u00a0 \u00a0 \u00a0 \u00a0 Practicamente, escuchar\u00e1s m\u00fasica que no\u00a0es de este mundo.<\/p>\n<p>&nbsp;<\/p>\n<p>&nbsp;<\/p>\n<h4><\/h4>\n<h4>PISTA 1<\/h4>\n<audio class=\"wp-audio-shortcode\" id=\"audio-6270-1\" preload=\"none\" style=\"width: 100%;\" controls=\"controls\"><source type=\"audio\/mpeg\" src=\"https:\/\/pesolex.com\/es\/wp-content\/uploads\/2020\/03\/01-Traccia-1.mp3?_=1\" \/><a href=\"https:\/\/pesolex.com\/es\/wp-content\/uploads\/2020\/03\/01-Traccia-1.mp3\">https:\/\/pesolex.com\/es\/wp-content\/uploads\/2020\/03\/01-Traccia-1.mp3<\/a><\/audio>\n<p>&nbsp;<\/p>\n<p>&nbsp;<\/p>\n<h4>PISTA 2<\/h4>\n<audio class=\"wp-audio-shortcode\" id=\"audio-6270-2\" preload=\"none\" style=\"width: 100%;\" controls=\"controls\"><source type=\"audio\/mpeg\" src=\"https:\/\/pesolex.com\/es\/wp-content\/uploads\/2020\/03\/02-Traccia-2.mp3?_=2\" \/><a href=\"https:\/\/pesolex.com\/es\/wp-content\/uploads\/2020\/03\/02-Traccia-2.mp3\">https:\/\/pesolex.com\/es\/wp-content\/uploads\/2020\/03\/02-Traccia-2.mp3<\/a><\/audio>\n<p>&nbsp;<\/p>\n<p>&nbsp;<\/p>\n<h4>PISTA 3<\/h4>\n<audio class=\"wp-audio-shortcode\" id=\"audio-6270-3\" preload=\"none\" style=\"width: 100%;\" controls=\"controls\"><source type=\"audio\/mpeg\" src=\"https:\/\/pesolex.com\/es\/wp-content\/uploads\/2020\/03\/03-Traccia-3.mp3?_=3\" \/><a href=\"https:\/\/pesolex.com\/es\/wp-content\/uploads\/2020\/03\/03-Traccia-3.mp3\">https:\/\/pesolex.com\/es\/wp-content\/uploads\/2020\/03\/03-Traccia-3.mp3<\/a><\/audio>\n<p>&nbsp;<\/p>\n<p>&nbsp;<\/p>\n<h4>PISTA 4<\/h4>\n<audio class=\"wp-audio-shortcode\" id=\"audio-6270-4\" preload=\"none\" style=\"width: 100%;\" controls=\"controls\"><source type=\"audio\/mpeg\" src=\"https:\/\/pesolex.com\/es\/wp-content\/uploads\/2020\/03\/04-Traccia-4.mp3?_=4\" \/><a href=\"https:\/\/pesolex.com\/es\/wp-content\/uploads\/2020\/03\/04-Traccia-4.mp3\">https:\/\/pesolex.com\/es\/wp-content\/uploads\/2020\/03\/04-Traccia-4.mp3<\/a><\/audio>\n<p>&nbsp;<\/p>\n<p>&nbsp;<\/p>\n<h4>PISTA 5<\/h4>\n<audio class=\"wp-audio-shortcode\" id=\"audio-6270-5\" preload=\"none\" style=\"width: 100%;\" controls=\"controls\"><source type=\"audio\/mpeg\" src=\"https:\/\/pesolex.com\/es\/wp-content\/uploads\/2020\/03\/05-Traccia-5.mp3?_=5\" \/><a href=\"https:\/\/pesolex.com\/es\/wp-content\/uploads\/2020\/03\/05-Traccia-5.mp3\">https:\/\/pesolex.com\/es\/wp-content\/uploads\/2020\/03\/05-Traccia-5.mp3<\/a><\/audio>\n<p>&nbsp;<\/p>\n<p>&nbsp;<\/p>\n<h4>PISTA 6<\/h4>\n<audio class=\"wp-audio-shortcode\" id=\"audio-6270-6\" preload=\"none\" style=\"width: 100%;\" controls=\"controls\"><source type=\"audio\/mpeg\" src=\"https:\/\/pesolex.com\/es\/wp-content\/uploads\/2020\/03\/06-Traccia-6.mp3?_=6\" \/><a href=\"https:\/\/pesolex.com\/es\/wp-content\/uploads\/2020\/03\/06-Traccia-6.mp3\">https:\/\/pesolex.com\/es\/wp-content\/uploads\/2020\/03\/06-Traccia-6.mp3<\/a><\/audio>\n<p>&nbsp;<\/p>\n<p>&nbsp;<\/p>\n<h4>PISTA 7<\/h4>\n<audio class=\"wp-audio-shortcode\" id=\"audio-6270-7\" preload=\"none\" style=\"width: 100%;\" controls=\"controls\"><source type=\"audio\/mpeg\" src=\"https:\/\/pesolex.com\/es\/wp-content\/uploads\/2020\/03\/07-Traccia-7.mp3?_=7\" \/><a href=\"https:\/\/pesolex.com\/es\/wp-content\/uploads\/2020\/03\/07-Traccia-7.mp3\">https:\/\/pesolex.com\/es\/wp-content\/uploads\/2020\/03\/07-Traccia-7.mp3<\/a><\/audio>\n<p>&nbsp;<\/p>\n<p>&nbsp;<\/p>\n<h4>PISTA 8<\/h4>\n<audio class=\"wp-audio-shortcode\" id=\"audio-6270-8\" preload=\"none\" style=\"width: 100%;\" controls=\"controls\"><source type=\"audio\/mpeg\" src=\"https:\/\/pesolex.com\/es\/wp-content\/uploads\/2020\/03\/08-Traccia-8.mp3?_=8\" \/><a href=\"https:\/\/pesolex.com\/es\/wp-content\/uploads\/2020\/03\/08-Traccia-8.mp3\">https:\/\/pesolex.com\/es\/wp-content\/uploads\/2020\/03\/08-Traccia-8.mp3<\/a><\/audio>\n<p>&nbsp;<\/p>\n<p>&nbsp;<\/p>\n<h4>PISTA 9<\/h4>\n<audio class=\"wp-audio-shortcode\" id=\"audio-6270-9\" preload=\"none\" style=\"width: 100%;\" controls=\"controls\"><source type=\"audio\/mpeg\" src=\"https:\/\/pesolex.com\/es\/wp-content\/uploads\/2020\/03\/09-Traccia-9.mp3?_=9\" \/><a href=\"https:\/\/pesolex.com\/es\/wp-content\/uploads\/2020\/03\/09-Traccia-9.mp3\">https:\/\/pesolex.com\/es\/wp-content\/uploads\/2020\/03\/09-Traccia-9.mp3<\/a><\/audio>\n<p>&nbsp;<\/p>\n<p>&nbsp;<\/p>\n<h4>PISTA 10<\/h4>\n<audio class=\"wp-audio-shortcode\" id=\"audio-6270-10\" preload=\"none\" style=\"width: 100%;\" controls=\"controls\"><source type=\"audio\/mpeg\" src=\"https:\/\/pesolex.com\/es\/wp-content\/uploads\/2020\/03\/10-Traccia-10.mp3?_=10\" \/><a href=\"https:\/\/pesolex.com\/es\/wp-content\/uploads\/2020\/03\/10-Traccia-10.mp3\">https:\/\/pesolex.com\/es\/wp-content\/uploads\/2020\/03\/10-Traccia-10.mp3<\/a><\/audio>\n<p>&nbsp;<\/p>\n<p>&nbsp;<\/p>\n<h4>PISTA 11<\/h4>\n<audio class=\"wp-audio-shortcode\" id=\"audio-6270-11\" preload=\"none\" style=\"width: 100%;\" controls=\"controls\"><source type=\"audio\/mpeg\" src=\"https:\/\/pesolex.com\/es\/wp-content\/uploads\/2020\/03\/11-Traccia-11.mp3?_=11\" \/><a href=\"https:\/\/pesolex.com\/es\/wp-content\/uploads\/2020\/03\/11-Traccia-11.mp3\">https:\/\/pesolex.com\/es\/wp-content\/uploads\/2020\/03\/11-Traccia-11.mp3<\/a><\/audio>\n<p>&nbsp;<\/p>\n<p>&nbsp;<\/p>\n<h4>PISTA 12<\/h4>\n<audio class=\"wp-audio-shortcode\" id=\"audio-6270-12\" preload=\"none\" style=\"width: 100%;\" controls=\"controls\"><source type=\"audio\/mpeg\" src=\"https:\/\/pesolex.com\/es\/wp-content\/uploads\/2020\/03\/12-Traccia-12.mp3?_=12\" \/><a href=\"https:\/\/pesolex.com\/es\/wp-content\/uploads\/2020\/03\/12-Traccia-12.mp3\">https:\/\/pesolex.com\/es\/wp-content\/uploads\/2020\/03\/12-Traccia-12.mp3<\/a><\/audio>\n<p>&nbsp;<\/p>\n<p>&nbsp;<\/p>\n<h4>PISTA 13<\/h4>\n<audio class=\"wp-audio-shortcode\" id=\"audio-6270-13\" preload=\"none\" style=\"width: 100%;\" controls=\"controls\"><source type=\"audio\/mpeg\" src=\"https:\/\/pesolex.com\/es\/wp-content\/uploads\/2020\/03\/13-Traccia-13.mp3?_=13\" \/><a href=\"https:\/\/pesolex.com\/es\/wp-content\/uploads\/2020\/03\/13-Traccia-13.mp3\">https:\/\/pesolex.com\/es\/wp-content\/uploads\/2020\/03\/13-Traccia-13.mp3<\/a><\/audio>\n<p>&nbsp;<\/p>\n<p>&nbsp;<\/p>\n<h4>PISTA 14<\/h4>\n<audio class=\"wp-audio-shortcode\" id=\"audio-6270-14\" preload=\"none\" style=\"width: 100%;\" controls=\"controls\"><source type=\"audio\/mpeg\" src=\"https:\/\/pesolex.com\/es\/wp-content\/uploads\/2020\/03\/14-Traccia-14.mp3?_=14\" \/><a href=\"https:\/\/pesolex.com\/es\/wp-content\/uploads\/2020\/03\/14-Traccia-14.mp3\">https:\/\/pesolex.com\/es\/wp-content\/uploads\/2020\/03\/14-Traccia-14.mp3<\/a><\/audio>\n<p>&nbsp;<\/p>\n","protected":false},"excerpt":{"rendered":"<p>&nbsp; &nbsp; &nbsp; &nbsp; Las\u00a0pistas musicales propuestas, como las lecturas, son parte del patrimonio musical y literario de Eugenio Siragusa. La m\u00fasica compuesta con notas musicales penetra en la profundidad del alma y vigoriza el esp\u00edritu haci\u00e9ndolo armonioso y en &hellip;<\/p>\n<p class=\"read-more\"> <a class=\"more-link\" href=\"https:\/\/pesolex.com\/es\/coleccion-completa\/\"> <span class=\"screen-reader-text\">Colecci\u00f3n Completa<\/span> Leer m\u00e1s \u00bb<\/a><\/p>\n","protected":false},"author":3,"featured_media":0,"parent":0,"menu_order":0,"comment_status":"closed","ping_status":"closed","template":"","meta":{"_monsterinsights_skip_tracking":false,"_monsterinsights_sitenote_active":false,"_monsterinsights_sitenote_note":"","_monsterinsights_sitenote_category":0,"footnotes":""},"class_list":["post-6270","page","type-page","status-publish","hentry"],"_links":{"self":[{"href":"https:\/\/pesolex.com\/es\/wp-json\/wp\/v2\/pages\/6270","targetHints":{"allow":["GET"]}}],"collection":[{"href":"https:\/\/pesolex.com\/es\/wp-json\/wp\/v2\/pages"}],"about":[{"href":"https:\/\/pesolex.com\/es\/wp-json\/wp\/v2\/types\/page"}],"author":[{"embeddable":true,"href":"https:\/\/pesolex.com\/es\/wp-json\/wp\/v2\/users\/3"}],"replies":[{"embeddable":true,"href":"https:\/\/pesolex.com\/es\/wp-json\/wp\/v2\/comments?post=6270"}],"version-history":[{"count":7,"href":"https:\/\/pesolex.com\/es\/wp-json\/wp\/v2\/pages\/6270\/revisions"}],"predecessor-version":[{"id":6292,"href":"https:\/\/pesolex.com\/es\/wp-json\/wp\/v2\/pages\/6270\/revisions\/6292"}],"wp:attachment":[{"href":"https:\/\/pesolex.com\/es\/wp-json\/wp\/v2\/media?parent=6270"}],"curies":[{"name":"wp","href":"https:\/\/api.w.org\/{rel}","templated":true}]}}