{"id":6583,"date":"2020-10-12T06:34:46","date_gmt":"2020-10-12T06:34:46","guid":{"rendered":"https:\/\/pesolex.com\/es\/?page_id=6583"},"modified":"2020-10-12T06:58:59","modified_gmt":"2020-10-12T06:58:59","slug":"la-genetica-g-n-a-y-la-calidad","status":"publish","type":"page","link":"https:\/\/pesolex.com\/es\/la-genetica-g-n-a-y-la-calidad\/","title":{"rendered":"La Gen\u00e9tica G.N.A. y la Calidad"},"content":{"rendered":"<p>&nbsp;<\/p>\n<p><img loading=\"lazy\" decoding=\"async\" class=\"aligncenter size-full wp-image-6590\" src=\"https:\/\/pesolex.com\/es\/wp-content\/uploads\/2020\/10\/Montaje-Genetica-G.N.A.-Esp-1.jpg\" alt=\"\" width=\"922\" height=\"768\" srcset=\"https:\/\/pesolex.com\/es\/wp-content\/uploads\/2020\/10\/Montaje-Genetica-G.N.A.-Esp-1.jpg 922w, https:\/\/pesolex.com\/es\/wp-content\/uploads\/2020\/10\/Montaje-Genetica-G.N.A.-Esp-1-300x250.jpg 300w, https:\/\/pesolex.com\/es\/wp-content\/uploads\/2020\/10\/Montaje-Genetica-G.N.A.-Esp-1-768x640.jpg 768w, https:\/\/pesolex.com\/es\/wp-content\/uploads\/2020\/10\/Montaje-Genetica-G.N.A.-Esp-1-100x83.jpg 100w, https:\/\/pesolex.com\/es\/wp-content\/uploads\/2020\/10\/Montaje-Genetica-G.N.A.-Esp-1-150x125.jpg 150w, https:\/\/pesolex.com\/es\/wp-content\/uploads\/2020\/10\/Montaje-Genetica-G.N.A.-Esp-1-200x167.jpg 200w, https:\/\/pesolex.com\/es\/wp-content\/uploads\/2020\/10\/Montaje-Genetica-G.N.A.-Esp-1-450x375.jpg 450w, https:\/\/pesolex.com\/es\/wp-content\/uploads\/2020\/10\/Montaje-Genetica-G.N.A.-Esp-1-600x500.jpg 600w, https:\/\/pesolex.com\/es\/wp-content\/uploads\/2020\/10\/Montaje-Genetica-G.N.A.-Esp-1-900x750.jpg 900w\" sizes=\"auto, (max-width: 922px) 100vw, 922px\" \/><\/p>\n<p>&nbsp;<\/p>\n<ul>\n<li>\n<h5><a href=\"https:\/\/pesolex.com\/es\/wp-content\/uploads\/2020\/10\/1-genetica-gna-4-01-77.jpg\" target=\"_blank\" rel=\"noopener noreferrer\">Gen\u00e9tica G.N.A. &#8211; 4 Enero 1977<\/a><\/h5>\n<\/li>\n<li>\n<h5><a href=\"https:\/\/pesolex.com\/es\/wp-content\/uploads\/2020\/10\/4-Quereis-Repetir-los-Mismo-Errores-del-Pasado-11-01-77.jpg\" target=\"_blank\" rel=\"noopener noreferrer\">\u00bfQuer\u00e9is repetir los mismos errores del pasado? &#8211;\u00a0 11 Enero 1977<\/a><\/h5>\n<\/li>\n<li>\n<h5><a href=\"https:\/\/pesolex.com\/es\/wp-content\/uploads\/2020\/10\/3-La-genetica-Cosmica-reside-en-los-Astros-20-11-80.jpg\" target=\"_blank\" rel=\"noopener noreferrer\">La Gen\u00e9tica C\u00f3smica reside en los Astros &#8211; 20 Noviembre 1980<\/a><\/h5>\n<\/li>\n<li>\n<h5><a href=\"https:\/\/pesolex.com\/es\/wp-content\/uploads\/2020\/10\/5-Los-Prodigiosos-Ninos-portadores-de-la-Genetica-G.N.A-27-05-82.jpg\" target=\"_blank\" rel=\"noopener noreferrer\">Los Prodigiosos Ni\u00f1os portadores de la Gen\u00e9tica G.N.A. &#8211; 27 Mayo 1982<\/a><\/h5>\n<\/li>\n<li>\n<h5><a href=\"https:\/\/pesolex.com\/es\/wp-content\/uploads\/2020\/10\/2-O-tutelais-la-Genetica-o-la-Perdeis-30-04-84.jpg\" target=\"_blank\" rel=\"noopener noreferrer\">O\u00a0 Tutel\u00e1is la Gen\u00e9tica G.N.A, o la perd\u00e9is &#8211; 30 Abril 1984<\/a><\/h5>\n<\/li>\n<\/ul>\n<p>&nbsp;<\/p>\n<p>&nbsp;<\/p>\n","protected":false},"excerpt":{"rendered":"<p>&nbsp; &nbsp; Gen\u00e9tica G.N.A. &#8211; 4 Enero 1977 \u00bfQuer\u00e9is repetir los mismos errores del pasado? &#8211;\u00a0 11 Enero 1977 La Gen\u00e9tica C\u00f3smica reside en los Astros &#8211; 20 Noviembre 1980 Los Prodigiosos Ni\u00f1os portadores de la Gen\u00e9tica G.N.A. &#8211; 27 &hellip;<\/p>\n<p class=\"read-more\"> <a class=\"more-link\" href=\"https:\/\/pesolex.com\/es\/la-genetica-g-n-a-y-la-calidad\/\"> <span class=\"screen-reader-text\">La Gen\u00e9tica G.N.A. y la Calidad<\/span> Leer m\u00e1s \u00bb<\/a><\/p>\n","protected":false},"author":3,"featured_media":0,"parent":0,"menu_order":0,"comment_status":"closed","ping_status":"closed","template":"","meta":{"_monsterinsights_skip_tracking":false,"_monsterinsights_sitenote_active":false,"_monsterinsights_sitenote_note":"","_monsterinsights_sitenote_category":0,"footnotes":""},"class_list":["post-6583","page","type-page","status-publish","hentry"],"_links":{"self":[{"href":"https:\/\/pesolex.com\/es\/wp-json\/wp\/v2\/pages\/6583","targetHints":{"allow":["GET"]}}],"collection":[{"href":"https:\/\/pesolex.com\/es\/wp-json\/wp\/v2\/pages"}],"about":[{"href":"https:\/\/pesolex.com\/es\/wp-json\/wp\/v2\/types\/page"}],"author":[{"embeddable":true,"href":"https:\/\/pesolex.com\/es\/wp-json\/wp\/v2\/users\/3"}],"replies":[{"embeddable":true,"href":"https:\/\/pesolex.com\/es\/wp-json\/wp\/v2\/comments?post=6583"}],"version-history":[{"count":5,"href":"https:\/\/pesolex.com\/es\/wp-json\/wp\/v2\/pages\/6583\/revisions"}],"predecessor-version":[{"id":6601,"href":"https:\/\/pesolex.com\/es\/wp-json\/wp\/v2\/pages\/6583\/revisions\/6601"}],"wp:attachment":[{"href":"https:\/\/pesolex.com\/es\/wp-json\/wp\/v2\/media?parent=6583"}],"curies":[{"name":"wp","href":"https:\/\/api.w.org\/{rel}","templated":true}]}}