{"id":6890,"date":"2020-12-26T22:21:53","date_gmt":"2020-12-26T22:21:53","guid":{"rendered":"https:\/\/pesolex.com\/es\/?page_id=6890"},"modified":"2022-07-14T20:44:51","modified_gmt":"2022-07-14T20:44:51","slug":"material-centro-de-estudios-eugenio-siragusa","status":"publish","type":"page","link":"https:\/\/pesolex.com\/es\/material-centro-de-estudios-eugenio-siragusa\/","title":{"rendered":"Material Centro de Estudios Eugenio Siragusa"},"content":{"rendered":"\n<h5 class=\"wp-block-heading\"><strong>No hay Mas Tiempo Cambio Climatico &#8211; 2021<\/strong><\/h5>\n\n\n\n<iframe loading=\"lazy\" width=\"560\" height=\"315\" src=\"https:\/\/www.youtube.com\/embed\/QxaeztD8ck4\" title=\"YouTube video player\" frameborder=\"0\" allow=\"accelerometer; autoplay; clipboard-write; encrypted-media; gyroscope; picture-in-picture\" allowfullscreen=\"\"><\/iframe>\n\n\n\n<p><strong>EUGENIO SIRAGUSA &#8211; \u00abDel Cielo a la Terra\u00bb Documental Sub Spa. 1982<\/strong><\/p>\n\n\n\n<iframe loading=\"lazy\" width=\"560\" height=\"315\" src=\"https:\/\/www.youtube.com\/embed\/cRpXVwQ5FRU\" title=\"YouTube video player\" frameborder=\"0\" allow=\"accelerometer; autoplay; clipboard-write; encrypted-media; gyroscope; picture-in-picture\" allowfullscreen=\"\"><\/iframe>\n\n\n\n<h5 class=\"wp-block-heading\">Latidos del coraz\u00f3n de Jes\u00fas y el Pez &#8211; Ingl\u00e9s, Rumano, Italiano, Espa\u00f1ol y Franc\u00e9s<\/h5>\n\n\n\n<iframe loading=\"lazy\" width=\"560\" height=\"315\" src=\"https:\/\/www.youtube.com\/embed\/jgTKBaqJx7E\" title=\"YouTube video player\" frameborder=\"0\" allow=\"accelerometer; autoplay; clipboard-write; encrypted-media; gyroscope; picture-in-picture\" allowfullscreen=\"\"><\/iframe>\n\n\n\n<h5 class=\"wp-block-heading\"><strong>Eugenio Siragusa y El Proyecto Blue Beam<\/strong><\/h5>\n\n\n\n<p><iframe loading=\"lazy\" title=\"YouTube video player\" src=\"https:\/\/www.youtube.com\/embed\/CyTHRvnwzNA\" width=\"560\" height=\"315\" frameborder=\"0\" allowfullscreen=\"allowfullscreen\"><\/iframe><\/p>\n\n\n\n<h5 class=\"wp-block-heading\"><strong>El \u00abAnticuerpo\u00bb Covid &#8211; 19 y Los Mensajes de Eugenio Siragusa<\/strong><\/h5>\n\n\n\n<h5 class=\"wp-block-heading\"><iframe loading=\"lazy\" title=\"YouTube video player\" src=\"https:\/\/www.youtube.com\/embed\/prQN9v3U5fE\" width=\"560\" height=\"315\" frameborder=\"0\" allowfullscreen=\"allowfullscreen\"><\/h5>\n\n\n\n<h5 class=\"wp-block-heading\"><strong>La Verdadera Historia de Navidad<\/strong><\/h5>\n\n\n\n<figure class=\"wp-block-embed is-type-video is-provider-youtube wp-block-embed-youtube wp-embed-aspect-16-9 wp-has-aspect-ratio\"><div class=\"wp-block-embed__wrapper\">\n<iframe loading=\"lazy\" title=\"La Verdadera Historia de Navidad\" width=\"605\" height=\"340\" src=\"https:\/\/www.youtube.com\/embed\/QbFYuE1i0qY?feature=oembed\" frameborder=\"0\" allow=\"accelerometer; autoplay; clipboard-write; encrypted-media; gyroscope; picture-in-picture; web-share\" referrerpolicy=\"strict-origin-when-cross-origin\" allowfullscreen><\/iframe>\n<\/div><\/figure>\n\n\n\n<p><\/p>\n","protected":false},"excerpt":{"rendered":"<p>No hay Mas Tiempo Cambio Climatico &#8211; 2021 EUGENIO SIRAGUSA &#8211; \u00abDel Cielo a la Terra\u00bb Documental Sub Spa. 1982 Latidos del coraz\u00f3n de Jes\u00fas y el Pez &#8211; Ingl\u00e9s, Rumano, Italiano, Espa\u00f1ol y Franc\u00e9s Eugenio Siragusa y El Proyecto &hellip;<\/p>\n<p class=\"read-more\"> <a class=\"more-link\" href=\"https:\/\/pesolex.com\/es\/material-centro-de-estudios-eugenio-siragusa\/\"> <span class=\"screen-reader-text\">Material Centro de Estudios Eugenio Siragusa<\/span> Leer m\u00e1s \u00bb<\/a><\/p>\n","protected":false},"author":3,"featured_media":0,"parent":0,"menu_order":0,"comment_status":"closed","ping_status":"closed","template":"","meta":{"_monsterinsights_skip_tracking":false,"_monsterinsights_sitenote_active":false,"_monsterinsights_sitenote_note":"","_monsterinsights_sitenote_category":0,"footnotes":""},"class_list":["post-6890","page","type-page","status-publish","hentry"],"_links":{"self":[{"href":"https:\/\/pesolex.com\/es\/wp-json\/wp\/v2\/pages\/6890","targetHints":{"allow":["GET"]}}],"collection":[{"href":"https:\/\/pesolex.com\/es\/wp-json\/wp\/v2\/pages"}],"about":[{"href":"https:\/\/pesolex.com\/es\/wp-json\/wp\/v2\/types\/page"}],"author":[{"embeddable":true,"href":"https:\/\/pesolex.com\/es\/wp-json\/wp\/v2\/users\/3"}],"replies":[{"embeddable":true,"href":"https:\/\/pesolex.com\/es\/wp-json\/wp\/v2\/comments?post=6890"}],"version-history":[{"count":31,"href":"https:\/\/pesolex.com\/es\/wp-json\/wp\/v2\/pages\/6890\/revisions"}],"predecessor-version":[{"id":7766,"href":"https:\/\/pesolex.com\/es\/wp-json\/wp\/v2\/pages\/6890\/revisions\/7766"}],"wp:attachment":[{"href":"https:\/\/pesolex.com\/es\/wp-json\/wp\/v2\/media?parent=6890"}],"curies":[{"name":"wp","href":"https:\/\/api.w.org\/{rel}","templated":true}]}}