{"id":244,"date":"2014-06-20T20:03:06","date_gmt":"2014-06-20T20:03:06","guid":{"rendered":"https:\/\/pesolex.com\/fr\/?page_id=244"},"modified":"2014-10-14T14:17:37","modified_gmt":"2014-10-14T14:17:37","slug":"photos-et-videos-de-eugenio","status":"publish","type":"page","link":"https:\/\/pesolex.com\/fr\/photos-et-videos-de-eugenio\/","title":{"rendered":"Photos et Vid\u00e9os de Eugenio"},"content":{"rendered":"<h2><span style=\"text-decoration: underline;\"><strong>ALBUMS:<\/strong><\/span><\/h2>\n<table style=\"width: 194px;\">\n<tbody>\n<tr>\n<td style=\"height: 194px; background: url('https:\/\/www.gstatic.com\/pwa\/s\/v\/lighthousefe_20141007.00_p1\/transparent_album_background.gif') no-repeat left;\" align=\"center\"><a href=\"https:\/\/picasaweb.google.com\/105251655739955166681\/EugenioSiragusa?authuser=0&amp;feat=embedwebsite\"><img loading=\"lazy\" decoding=\"async\" style=\"margin: 1px 0 0 4px;\" src=\"https:\/\/lh4.googleusercontent.com\/-pkr-x05bK-w\/VDPpEJgh3iE\/AAAAAAAABNw\/FThuoNwLVJw\/s160-c\/EugenioSiragusa.jpg\" alt=\"\" width=\"160\" height=\"160\" \/><\/a><\/td>\n<\/tr>\n<tr>\n<td style=\"text-align: center; font-family: arial,sans-serif; font-size: 11px;\"><a style=\"color: #4d4d4d; font-weight: bold; text-decoration: none;\" href=\"https:\/\/picasaweb.google.com\/105251655739955166681\/EugenioSiragusa?authuser=0&amp;feat=embedwebsite\">Eugenio Siragusa<\/a>&nbsp;<\/td>\n<\/tr>\n<\/tbody>\n<\/table>\n<p><a href=\"https:\/\/plus.google.com\/photos\/105251655739955166681\/albums\/6067449380479295009\" target=\"_blank\">\u00a0Voir Album Eugenio Siragusa<\/a><\/p>\n<table style=\"width: 194px;\">\n<tbody>\n<tr>\n<td style=\"height: 194px; background: url('https:\/\/www.gstatic.com\/pwa\/s\/v\/lighthousefe_20141007.00_p1\/transparent_album_background.gif') no-repeat left;\" align=\"center\"><a href=\"https:\/\/picasaweb.google.com\/105251655739955166681\/EugenioOperatividad?authuser=0&amp;feat=embedwebsite\"><img loading=\"lazy\" decoding=\"async\" style=\"margin: 1px 0 0 4px;\" src=\"https:\/\/lh5.googleusercontent.com\/-3HUDT4Qy3Oo\/VDaXh4nASZE\/AAAAAAAABPc\/uOho42dKmOY\/s160-c\/EugenioOperatividad.jpg\" alt=\"\" width=\"160\" height=\"160\" \/><\/a><\/td>\n<\/tr>\n<tr>\n<td style=\"text-align: center; font-family: arial,sans-serif; font-size: 11px;\"><a style=\"color: #4d4d4d; font-weight: bold; text-decoration: none;\" href=\"https:\/\/picasaweb.google.com\/105251655739955166681\/EugenioOperatividad?authuser=0&amp;feat=embedwebsite\">Eugenio operatividad<\/a><\/td>\n<\/tr>\n<\/tbody>\n<\/table>\n<p><a href=\"https:\/\/plus.google.com\/photos\/105251655739955166681\/albums\/6068204156315781521\" target=\"_blank\">\u00a0Voir Album Eugenio Op\u00e9rabilit\u00e9<\/a><\/p>\n<table style=\"width: 194px;\">\n<tbody>\n<tr>\n<td style=\"height: 194px; background: url('https:\/\/www.gstatic.com\/pwa\/s\/v\/lighthousefe_20141007.00_p1\/transparent_album_background.gif') no-repeat left;\" align=\"center\"><a href=\"https:\/\/picasaweb.google.com\/105251655739955166681\/EugenioExperiencias?authuser=0&amp;feat=embedwebsite\"><img loading=\"lazy\" decoding=\"async\" style=\"margin: 1px 0 0 4px;\" src=\"https:\/\/lh5.googleusercontent.com\/-8sF3hrLbg8A\/VDaXmygApbE\/AAAAAAAABPY\/qZM-KgDpJPo\/s160-c\/EugenioExperiencias.jpg\" alt=\"\" width=\"160\" height=\"160\" \/><\/a><\/td>\n<\/tr>\n<tr>\n<td style=\"text-align: center; font-family: arial,sans-serif; font-size: 11px;\"><a href=\"https:\/\/plus.google.com\/photos\/105251655739955166681\/albums\/6068204240575178161\" target=\"_blank\">Eugenio experiencias<\/a><\/td>\n<\/tr>\n<\/tbody>\n<\/table>\n<p><a href=\"https:\/\/plus.google.com\/photos\/105251655739955166681\/albums\/6068204240575178161\" target=\"_blank\">Voir Album Eugenio Exp\u00e9riences<\/a><\/p>\n<p>&nbsp;<\/p>\n<p>&nbsp;<\/p>\n","protected":false},"excerpt":{"rendered":"<p>ALBUMS: Eugenio Siragusa&nbsp; \u00a0Voir Album Eugenio Siragusa Eugenio operatividad \u00a0Voir Album Eugenio Op\u00e9rabilit\u00e9 Eugenio experiencias Voir Album Eugenio Exp\u00e9riences &nbsp; &nbsp;<\/p>\n","protected":false},"author":3,"featured_media":0,"parent":0,"menu_order":0,"comment_status":"closed","ping_status":"closed","template":"sidebar-content-page.php","meta":{"footnotes":""},"class_list":["post-244","page","type-page","status-publish","hentry"],"_links":{"self":[{"href":"https:\/\/pesolex.com\/fr\/wp-json\/wp\/v2\/pages\/244","targetHints":{"allow":["GET"]}}],"collection":[{"href":"https:\/\/pesolex.com\/fr\/wp-json\/wp\/v2\/pages"}],"about":[{"href":"https:\/\/pesolex.com\/fr\/wp-json\/wp\/v2\/types\/page"}],"author":[{"embeddable":true,"href":"https:\/\/pesolex.com\/fr\/wp-json\/wp\/v2\/users\/3"}],"replies":[{"embeddable":true,"href":"https:\/\/pesolex.com\/fr\/wp-json\/wp\/v2\/comments?post=244"}],"version-history":[{"count":8,"href":"https:\/\/pesolex.com\/fr\/wp-json\/wp\/v2\/pages\/244\/revisions"}],"predecessor-version":[{"id":346,"href":"https:\/\/pesolex.com\/fr\/wp-json\/wp\/v2\/pages\/244\/revisions\/346"}],"wp:attachment":[{"href":"https:\/\/pesolex.com\/fr\/wp-json\/wp\/v2\/media?parent=244"}],"curies":[{"name":"wp","href":"https:\/\/api.w.org\/{rel}","templated":true}]}}