{"id":429,"date":"2020-12-08T12:07:02","date_gmt":"2020-12-08T12:07:02","guid":{"rendered":"https:\/\/pesolex.com\/fr\/?page_id=429"},"modified":"2020-12-08T12:07:02","modified_gmt":"2020-12-08T12:07:02","slug":"vrillon-novembre-1977","status":"publish","type":"page","link":"https:\/\/pesolex.com\/fr\/vrillon-novembre-1977\/","title":{"rendered":"Vrillon &#8211; Novembre 1977."},"content":{"rendered":"<p><iframe loading=\"lazy\" src=\"https:\/\/www.youtube.com\/embed\/d5rMk4ZlP5o\" width=\"560\" height=\"315\" frameborder=\"0\" allowfullscreen=\"allowfullscreen\"><\/iframe><\/p>\n<p>Vrillon, repr\u00e9sentant du Ashtar, fut le nom utilis\u00e9 par une voix non identifi\u00e9e qui fut diffus\u00e9e sur les transmetteurs de Southern Television au Royaume-Uni pendant environ cinq minutes, \u00e0 17h10 le samedi 26 novembre 1977. La voix, qui \u00e9tait brouill\u00e9e et accompagn\u00e9e d&#8217;un bourdonnement grave, interrompit une \u00e9mission de Independent Television News pour avertir les t\u00e9l\u00e9spectateurs de \u00ab la destin\u00e9e de votre esp\u00e8ce \u00bb et que \u00ab vous devez communiquer \u00e0 vos prochains le parcours \u00e0 entamer pour \u00e9viter un d\u00e9sastre qui menace votre monde et les \u00eatres d&#8217;autres mondes autour de vous \u00bb.(Cette diffusion n&#8217;affectant pas l&#8217;image, il fut difficile de d\u00e9tecter sa source.)<\/p>\n","protected":false},"excerpt":{"rendered":"<p>Vrillon, repr\u00e9sentant du Ashtar, fut le nom utilis\u00e9 par une voix non identifi\u00e9e qui fut diffus\u00e9e sur les transmetteurs de Southern Television au Royaume-Uni pendant environ cinq minutes, \u00e0 17h10 le samedi 26 novembre 1977. La voix, qui \u00e9tait brouill\u00e9e &hellip;<\/p>\n<p class=\"read-more\"> <a class=\"more-link\" href=\"https:\/\/pesolex.com\/fr\/vrillon-novembre-1977\/\"> <span class=\"screen-reader-text\">Vrillon &#8211; Novembre 1977.<\/span> Leer m\u00e1s \u00bb<\/a><\/p>\n","protected":false},"author":3,"featured_media":0,"parent":0,"menu_order":0,"comment_status":"closed","ping_status":"closed","template":"","meta":{"footnotes":""},"class_list":["post-429","page","type-page","status-publish","hentry"],"_links":{"self":[{"href":"https:\/\/pesolex.com\/fr\/wp-json\/wp\/v2\/pages\/429","targetHints":{"allow":["GET"]}}],"collection":[{"href":"https:\/\/pesolex.com\/fr\/wp-json\/wp\/v2\/pages"}],"about":[{"href":"https:\/\/pesolex.com\/fr\/wp-json\/wp\/v2\/types\/page"}],"author":[{"embeddable":true,"href":"https:\/\/pesolex.com\/fr\/wp-json\/wp\/v2\/users\/3"}],"replies":[{"embeddable":true,"href":"https:\/\/pesolex.com\/fr\/wp-json\/wp\/v2\/comments?post=429"}],"version-history":[{"count":1,"href":"https:\/\/pesolex.com\/fr\/wp-json\/wp\/v2\/pages\/429\/revisions"}],"predecessor-version":[{"id":430,"href":"https:\/\/pesolex.com\/fr\/wp-json\/wp\/v2\/pages\/429\/revisions\/430"}],"wp:attachment":[{"href":"https:\/\/pesolex.com\/fr\/wp-json\/wp\/v2\/media?parent=429"}],"curies":[{"name":"wp","href":"https:\/\/api.w.org\/{rel}","templated":true}]}}