{"id":43,"date":"2014-04-23T23:43:41","date_gmt":"2014-04-23T23:43:41","guid":{"rendered":"https:\/\/pesolex.com\/fr\/?page_id=43"},"modified":"2014-07-30T19:04:25","modified_gmt":"2014-07-30T19:04:25","slug":"solex-mal","status":"publish","type":"page","link":"https:\/\/pesolex.com\/fr\/solex-mal\/","title":{"rendered":"Solex Mal"},"content":{"rendered":"<p><a href=\"http:\/\/solex-malidiomadelunivers.blogspot.it\/\" target=\"_blank\">SOLEX-MAL IDIOMA DE L &#8216;UNIVERS<\/a><\/p>\n<div>\n<p>Solex-Mal est la langue Solaire, la langue M\u00e8re, le language de l&#8217;Humanit\u00e9e. Cette langue a \u00e9t\u00e9 la langue que les pr\u00e9miers Hommes ont parl\u00e9e sur la Terre, c&#8217;est aussi la langue que l&#8217;on parle dans les Mondes tr\u00e9s proche de chez nous, mais avec une \u00e9volution Spirituelle plus \u00e9lev\u00e9e. Eugenio Siragusa \u00e0 toujours dit&#8230;.\u00bb Nous communiquions de trois fa\u00e7ons diff\u00e9rentes, entre deux cerveaux&#8230;. le volumetrique, et le lin\u00e9aire, cest \u00e0 dire via le T\u00e9lex-sens ou P.E.S ( Perceptions Extra Sensoriel )<\/p>\n<\/div>\n","protected":false},"excerpt":{"rendered":"<p>SOLEX-MAL IDIOMA DE L &#8216;UNIVERS Solex-Mal est la langue Solaire, la langue M\u00e8re, le language de l&#8217;Humanit\u00e9e. Cette langue a \u00e9t\u00e9 la langue que les pr\u00e9miers Hommes ont parl\u00e9e sur la Terre, c&#8217;est aussi la langue que l&#8217;on parle dans &hellip;<\/p>\n<p class=\"read-more\"> <a class=\"more-link\" href=\"https:\/\/pesolex.com\/fr\/solex-mal\/\"> <span class=\"screen-reader-text\">Solex Mal<\/span> Leer m\u00e1s \u00bb<\/a><\/p>\n","protected":false},"author":2,"featured_media":0,"parent":0,"menu_order":0,"comment_status":"closed","ping_status":"closed","template":"sidebar-content-page.php","meta":{"footnotes":""},"class_list":["post-43","page","type-page","status-publish","hentry"],"_links":{"self":[{"href":"https:\/\/pesolex.com\/fr\/wp-json\/wp\/v2\/pages\/43","targetHints":{"allow":["GET"]}}],"collection":[{"href":"https:\/\/pesolex.com\/fr\/wp-json\/wp\/v2\/pages"}],"about":[{"href":"https:\/\/pesolex.com\/fr\/wp-json\/wp\/v2\/types\/page"}],"author":[{"embeddable":true,"href":"https:\/\/pesolex.com\/fr\/wp-json\/wp\/v2\/users\/2"}],"replies":[{"embeddable":true,"href":"https:\/\/pesolex.com\/fr\/wp-json\/wp\/v2\/comments?post=43"}],"version-history":[{"count":3,"href":"https:\/\/pesolex.com\/fr\/wp-json\/wp\/v2\/pages\/43\/revisions"}],"predecessor-version":[{"id":312,"href":"https:\/\/pesolex.com\/fr\/wp-json\/wp\/v2\/pages\/43\/revisions\/312"}],"wp:attachment":[{"href":"https:\/\/pesolex.com\/fr\/wp-json\/wp\/v2\/media?parent=43"}],"curies":[{"name":"wp","href":"https:\/\/api.w.org\/{rel}","templated":true}]}}