{"id":45,"date":"2014-04-23T23:45:43","date_gmt":"2014-04-23T23:45:43","guid":{"rendered":"https:\/\/pesolex.com\/fr\/?page_id=45"},"modified":"2020-12-08T12:14:56","modified_gmt":"2020-12-08T12:14:56","slug":"videos","status":"publish","type":"page","link":"https:\/\/pesolex.com\/fr\/videos\/","title":{"rendered":"Vid\u00e9os"},"content":{"rendered":"<p>VRILLON. Novembre 1977-<br \/>\n<iframe loading=\"lazy\" src=\"https:\/\/www.youtube.com\/embed\/d5rMk4ZlP5o\" width=\"560\" height=\"315\" frameborder=\"0\" allowfullscreen=\"allowfullscreen\"><\/iframe><\/p>\n<p><strong><span id=\"result_box\" class=\"short_text\" lang=\"fr\"><span class=\"hps\">Une nouvelle \u00e8re<\/span> <span class=\"hps\">arrive<\/span> <span class=\"hps\">Partie 1<\/span><\/span><\/strong><\/p>\n<p><iframe loading=\"lazy\" src=\"https:\/\/www.youtube.com\/embed\/70Gd3FwQYA8?feature=player_detailpage\" width=\"456\" height=\"257\" frameborder=\"0\" allowfullscreen=\"allowfullscreen\"><\/iframe><\/p>\n<p><span id=\"result_box\" class=\"short_text\" lang=\"fr\"><strong><span class=\"hps\">Une nouvelle \u00e8re<\/span> <span class=\"hps\">arrive<\/span> <\/strong><span class=\"hps\"><strong>Partie 2<\/strong><br \/>\n<\/span><\/span><\/p>\n<p><iframe loading=\"lazy\" src=\"https:\/\/www.youtube.com\/embed\/kjUm3tYUBaY?feature=player_detailpage\" width=\"456\" height=\"257\" frameborder=\"0\" allowfullscreen=\"allowfullscreen\"><\/iframe><\/p>\n<p><strong>CHERNOBYL DECAY ET D\u00c9FORM\u00c9<\/strong><\/p>\n<p><iframe loading=\"lazy\" src=\"https:\/\/www.youtube.com\/embed\/fMbcGaL7bVI?list=PLQI7xbVdj6J0XOAgq2jCS9VdrVmXpYsf8\" width=\"459\" height=\"274\" frameborder=\"0\" allowfullscreen=\"allowfullscreen\"><\/iframe><\/p>\n<p>&nbsp;<\/p>\n<p><iframe loading=\"lazy\" src=\"\/\/www.youtube.com\/embed\/Z5PVC2tyPMc\" width=\"420\" height=\"315\" frameborder=\"0\" allowfullscreen=\"allowfullscreen\"><\/iframe><\/p>\n<p><span style=\"text-decoration: underline;\"><strong><span class=\"hps\">Libert\u00e9<\/span><\/strong><\/span><\/p>\n<p><iframe loading=\"lazy\" src=\"\/\/www.youtube.com\/embed\/5WxKk3wUZvI\" width=\"560\" height=\"315\" frameborder=\"0\" allowfullscreen=\"allowfullscreen\"><\/iframe><\/p>\n<p><strong>Anniversaire Hiroshima Nagasaki<\/strong><br \/>\n<iframe loading=\"lazy\" src=\"\/\/www.teachertube.com\/embed\/video\/354931\" width=\"740\" height=\"416\" frameborder=\"0\" allowfullscreen=\"allowfullscreen\"><\/iframe><\/p>\n","protected":false},"excerpt":{"rendered":"<p>VRILLON. Novembre 1977- Une nouvelle \u00e8re arrive Partie 1 Une nouvelle \u00e8re arrive Partie 2 CHERNOBYL DECAY ET D\u00c9FORM\u00c9 &nbsp; Libert\u00e9 Anniversaire Hiroshima Nagasaki<\/p>\n","protected":false},"author":2,"featured_media":0,"parent":0,"menu_order":0,"comment_status":"closed","ping_status":"closed","template":"sidebar-content-page.php","meta":{"footnotes":""},"class_list":["post-45","page","type-page","status-publish","hentry"],"_links":{"self":[{"href":"https:\/\/pesolex.com\/fr\/wp-json\/wp\/v2\/pages\/45","targetHints":{"allow":["GET"]}}],"collection":[{"href":"https:\/\/pesolex.com\/fr\/wp-json\/wp\/v2\/pages"}],"about":[{"href":"https:\/\/pesolex.com\/fr\/wp-json\/wp\/v2\/types\/page"}],"author":[{"embeddable":true,"href":"https:\/\/pesolex.com\/fr\/wp-json\/wp\/v2\/users\/2"}],"replies":[{"embeddable":true,"href":"https:\/\/pesolex.com\/fr\/wp-json\/wp\/v2\/comments?post=45"}],"version-history":[{"count":13,"href":"https:\/\/pesolex.com\/fr\/wp-json\/wp\/v2\/pages\/45\/revisions"}],"predecessor-version":[{"id":431,"href":"https:\/\/pesolex.com\/fr\/wp-json\/wp\/v2\/pages\/45\/revisions\/431"}],"wp:attachment":[{"href":"https:\/\/pesolex.com\/fr\/wp-json\/wp\/v2\/media?parent=45"}],"curies":[{"name":"wp","href":"https:\/\/api.w.org\/{rel}","templated":true}]}}